{"id":47406,"date":"2023-12-12T10:54:47","date_gmt":"2023-12-12T09:54:47","guid":{"rendered":"https:\/\/pet-shopping.de\/shop\/produkt\/west-paw-zisc-22-cm-leuchtend-glow\/"},"modified":"2023-12-12T10:54:48","modified_gmt":"2023-12-12T09:54:48","slug":"west-paw-zisc-22-cm-leuchtend-glow","status":"publish","type":"product","link":"https:\/\/all-pets.de\/shop\/produkt\/west-paw-zisc-22-cm-leuchtend-glow\/","title":{"rendered":"West Paw Zisc &#8211; 22 cm &#8211; Leuchtend\/Glow"},"content":{"rendered":"<p>Hunde-Spielzeug. Die Zisc von Zogoflex ist ein recyclebares Hundespielzeug. <\/p>\n<p>Es ist \u00e4u\u00dferst flexibel, bildet keine Ger\u00fcche, schwimmt auf dem Wasser und ist \u00e4u\u00dferst z\u00e4h &#038; haltbar. Hunde lieben es! ZISC\u00ae Eine Frisbee, die mit Schnelligkeit und Pr\u00e4zision durch die L\u00fcfte fliegt. Das biegsame Material erm\u00f6glicht, dass Ihr Hund es auch von glatten Oberfl\u00e4chen aufnehmen kann. <\/p>\n<p>Im Garten, im Park oder auf dem Wasser (Es schwimmt!). Zisc ist auch mit Nacht-leucht-Effekt erh\u00e4ltlich. F\u00fcr noch mehr Spa\u00df auch im Dunklen. Keine Ausreden mehr es sei zu dunkel drau\u00dfen, um zu spielen &#038; trainieren. <\/p>\n<p>Die Zisc leuchtet gr\u00fcn im Dunklen. Tipp: Biegen Sie die Zisc and f\u00fcllen Sie die Zisc mit Wasser, wenn Ihr Hund durstig ist. <\/p>\n<p>Das Spielzeug ist aus nicht-giftigem und recycelbarem Plastik gefertigt.<\/p>\n<p><strong>Inhaltsstoffe:<\/strong> <\/p>\n<p>Recyclebares Plastik<\/p>\n","protected":false},"excerpt":{"rendered":"<p>Hunde-Spielzeug. Die Zisc von Zogoflex ist ein recyclebares Hundespielzeug. Es ist \u00e4u\u00dferst flexibel, bildet keine Ger\u00fcche, schwimmt auf dem Wasser und ist \u00e4u\u00dferst z\u00e4h &#038; haltbar. Hunde lieben es! ZISC\u00ae Eine Frisbee, die mit Schnelligkeit und Pr\u00e4zision durch die L\u00fcfte fliegt. Das biegsame Material erm\u00f6glicht, dass Ihr Hund es auch von glatten Oberfl\u00e4chen aufnehmen kann. [&hellip;]<\/p>\n","protected":false},"featured_media":30033,"comment_status":"closed","ping_status":"open","template":"","meta":[],"product_cat":[14747],"product_tag":[],"class_list":{"0":"post-47406","1":"product","2":"type-product","3":"status-publish","4":"has-post-thumbnail","6":"product_cat-leuchtspielzeug-hundespielzeug-sport-hundewurfspielzeughundewelt","8":"first","9":"instock","10":"taxable","11":"shipping-taxable","12":"purchasable","13":"product-type-simple"},"_links":{"self":[{"href":"https:\/\/all-pets.de\/shop\/wp-json\/wp\/v2\/product\/47406","targetHints":{"allow":["GET"]}}],"collection":[{"href":"https:\/\/all-pets.de\/shop\/wp-json\/wp\/v2\/product"}],"about":[{"href":"https:\/\/all-pets.de\/shop\/wp-json\/wp\/v2\/types\/product"}],"replies":[{"embeddable":true,"href":"https:\/\/all-pets.de\/shop\/wp-json\/wp\/v2\/comments?post=47406"}],"wp:featuredmedia":[{"embeddable":true,"href":"https:\/\/all-pets.de\/shop\/wp-json\/wp\/v2\/media\/30033"}],"wp:attachment":[{"href":"https:\/\/all-pets.de\/shop\/wp-json\/wp\/v2\/media?parent=47406"}],"wp:term":[{"taxonomy":"product_cat","embeddable":true,"href":"https:\/\/all-pets.de\/shop\/wp-json\/wp\/v2\/product_cat?post=47406"},{"taxonomy":"product_tag","embeddable":true,"href":"https:\/\/all-pets.de\/shop\/wp-json\/wp\/v2\/product_tag?post=47406"}],"curies":[{"name":"wp","href":"https:\/\/api.w.org\/{rel}","templated":true}]}}