{"id":47461,"date":"2023-12-12T10:54:55","date_gmt":"2023-12-12T09:54:55","guid":{"rendered":"https:\/\/pet-shopping.de\/shop\/produkt\/industripet-slodog-anti-schling-platte\/"},"modified":"2023-12-12T10:54:56","modified_gmt":"2023-12-12T09:54:56","slug":"industripet-slodog-anti-schling-platte","status":"publish","type":"product","link":"https:\/\/all-pets.de\/shop\/produkt\/industripet-slodog-anti-schling-platte\/","title":{"rendered":"Industripet SloDog Anti-Schling-Platte"},"content":{"rendered":"<p>Viele Hunde neigen dazu ihre Mahlzeit in Sekundenschnelle zu schlucken, was ernsthafte medizinische Probleme von Bl\u00e4hungen bis zu verdrehtem Darm verursachen kann.<\/p>\n<p>Die meisten Anti-Schling-N\u00e4pfe arbeiten mit Hindernissen oder labyrinthartigen Strukturen, um es dem Hund zu erschweren, zum Futter zu gelangen. Der Hund muss tats\u00e4chlich das Essen durch den Napf jagen, um zu essen. Dies kann f\u00fcr den Hund extrem frustrierend sein und Stress und Angst im Tier verursachen. SloDog verfolgt einen einzigartigen Ansatz zur langsamen F\u00fctterung. Durch den Wechsel von einer Schale zu einer gr\u00f6\u00dferen Platte steht dem F\u00fctterungshund eine viel gr\u00f6\u00dfere Fl\u00e4che zur Verf\u00fcgung. Alles Essen ist in Sichtweite und muss nicht gejagt werden, um Frustration zu vermeiden. Wir haben einfach ein Ger\u00e4t entworfen, das die Mahlzeit in Multi-Mini-Mahlzeiten aufteilt, indem Sie das Ma\u00df in viele kleine flache Mulden verteilen. Der Hund isst einfach eine Mini-Mahlzeit nach der anderen. Wenn der Hund versucht, aus zwei Mulden gleichzeitig zu essen, f\u00e4llt das Futter einfach aus dem offenen Mund des Hundes.<\/p>\n<p>Mit ihrem einzigartigen Design ist die SloDog-Erfindung logisch und einfach. Es wurde speziell f\u00fcr entspanntes, stressfreies Fressen entwickelt. Tests haben gezeigt, dass SloDog die F\u00fctterung des Hundes von einigen Sekunden auf viele Minuten verlangsamen kann!<\/p>\n<p>Spezifikationen:<br \/> &#8211; Geeignet f\u00fcr bis zu 500ml<br \/> &#8211; Am besten mit Trockenfutter zu verwenden<br \/> &#8211; Gr\u00f6\u00dfe: ca. 35 x 26 x 3,3 cm<br \/> &#8211; Hergestellt aus PP in Lebensmittelqualit\u00e4t<br \/> &#8211; Farbe: Gr\u00fcn<br \/> &#8211; Mit Anti-Rutsch-F\u00fc\u00dfen<\/p>\n","protected":false},"excerpt":{"rendered":"<p>Viele Hunde neigen dazu ihre Mahlzeit in Sekundenschnelle zu schlucken, was ernsthafte medizinische Probleme von Bl\u00e4hungen bis zu verdrehtem Darm verursachen kann. Die meisten Anti-Schling-N\u00e4pfe arbeiten mit Hindernissen oder labyrinthartigen Strukturen, um es dem Hund zu erschweren, zum Futter zu gelangen. Der Hund muss tats\u00e4chlich das Essen durch den Napf jagen, um zu essen. Dies [&hellip;]<\/p>\n","protected":false},"featured_media":23856,"comment_status":"closed","ping_status":"open","template":"","meta":[],"product_cat":[14361],"product_tag":[],"class_list":{"0":"post-47461","1":"product","2":"type-product","3":"status-publish","4":"has-post-thumbnail","6":"product_cat-futter-wassernaepfe-hundenaepfe-traenken","8":"first","9":"instock","10":"taxable","11":"shipping-taxable","12":"purchasable","13":"product-type-simple"},"_links":{"self":[{"href":"https:\/\/all-pets.de\/shop\/wp-json\/wp\/v2\/product\/47461","targetHints":{"allow":["GET"]}}],"collection":[{"href":"https:\/\/all-pets.de\/shop\/wp-json\/wp\/v2\/product"}],"about":[{"href":"https:\/\/all-pets.de\/shop\/wp-json\/wp\/v2\/types\/product"}],"replies":[{"embeddable":true,"href":"https:\/\/all-pets.de\/shop\/wp-json\/wp\/v2\/comments?post=47461"}],"wp:featuredmedia":[{"embeddable":true,"href":"https:\/\/all-pets.de\/shop\/wp-json\/wp\/v2\/media\/23856"}],"wp:attachment":[{"href":"https:\/\/all-pets.de\/shop\/wp-json\/wp\/v2\/media?parent=47461"}],"wp:term":[{"taxonomy":"product_cat","embeddable":true,"href":"https:\/\/all-pets.de\/shop\/wp-json\/wp\/v2\/product_cat?post=47461"},{"taxonomy":"product_tag","embeddable":true,"href":"https:\/\/all-pets.de\/shop\/wp-json\/wp\/v2\/product_tag?post=47461"}],"curies":[{"name":"wp","href":"https:\/\/api.w.org\/{rel}","templated":true}]}}