{"id":47462,"date":"2023-12-12T10:54:55","date_gmt":"2023-12-12T09:54:55","guid":{"rendered":"https:\/\/pet-shopping.de\/shop\/produkt\/trixie-naturspielzeug-am-sisalseil\/"},"modified":"2023-12-12T10:54:56","modified_gmt":"2023-12-12T09:54:56","slug":"trixie-naturspielzeug-am-sisalseil","status":"publish","type":"product","link":"https:\/\/all-pets.de\/shop\/produkt\/trixie-naturspielzeug-am-sisalseil\/","title":{"rendered":"Trixie Naturspielzeug am Sisalseil"},"content":{"rendered":"<p>Das bunte Naturspielzeug besteht aus Palmenbl\u00e4ttern, Lieschbl\u00e4ttern und Papier und ist mit nat\u00fcrlichem, verdaulichem Nistmaterial gef\u00fcllt. Es eignet sich z.B. f\u00fcr Wellen- und Nymphensittiche.<\/p>\n<p>Gr\u00f6\u00dfe: ca. 35 cm<\/p>\n","protected":false},"excerpt":{"rendered":"<p>Das bunte Naturspielzeug besteht aus Palmenbl\u00e4ttern, Lieschbl\u00e4ttern und Papier und ist mit nat\u00fcrlichem, verdaulichem Nistmaterial gef\u00fcllt. Es eignet sich z.B. f\u00fcr Wellen- und Nymphensittiche. Gr\u00f6\u00dfe: ca. 35 cm<\/p>\n","protected":false},"featured_media":22445,"comment_status":"closed","ping_status":"open","template":"","meta":[],"product_cat":[13692],"product_tag":[],"class_list":{"0":"post-47462","1":"product","2":"type-product","3":"status-publish","4":"has-post-thumbnail","6":"product_cat-spielzeug","8":"first","9":"instock","10":"taxable","11":"shipping-taxable","12":"purchasable","13":"product-type-simple"},"_links":{"self":[{"href":"https:\/\/all-pets.de\/shop\/wp-json\/wp\/v2\/product\/47462","targetHints":{"allow":["GET"]}}],"collection":[{"href":"https:\/\/all-pets.de\/shop\/wp-json\/wp\/v2\/product"}],"about":[{"href":"https:\/\/all-pets.de\/shop\/wp-json\/wp\/v2\/types\/product"}],"replies":[{"embeddable":true,"href":"https:\/\/all-pets.de\/shop\/wp-json\/wp\/v2\/comments?post=47462"}],"wp:featuredmedia":[{"embeddable":true,"href":"https:\/\/all-pets.de\/shop\/wp-json\/wp\/v2\/media\/22445"}],"wp:attachment":[{"href":"https:\/\/all-pets.de\/shop\/wp-json\/wp\/v2\/media?parent=47462"}],"wp:term":[{"taxonomy":"product_cat","embeddable":true,"href":"https:\/\/all-pets.de\/shop\/wp-json\/wp\/v2\/product_cat?post=47462"},{"taxonomy":"product_tag","embeddable":true,"href":"https:\/\/all-pets.de\/shop\/wp-json\/wp\/v2\/product_tag?post=47462"}],"curies":[{"name":"wp","href":"https:\/\/api.w.org\/{rel}","templated":true}]}}