{"id":47464,"date":"2023-12-12T10:54:55","date_gmt":"2023-12-12T09:54:55","guid":{"rendered":"https:\/\/pet-shopping.de\/shop\/produkt\/karlie-flamingo-nagerspielzeug-tonne-mit-kokosnussseil\/"},"modified":"2023-12-12T10:54:56","modified_gmt":"2023-12-12T09:54:56","slug":"karlie-flamingo-nagerspielzeug-tonne-mit-kokosnussseil","status":"publish","type":"product","link":"https:\/\/all-pets.de\/shop\/produkt\/karlie-flamingo-nagerspielzeug-tonne-mit-kokosnussseil\/","title":{"rendered":"Karlie Flamingo Nagerspielzeug Tonne mit Kokosnussseil"},"content":{"rendered":"<p>Die Spieltonne f\u00fcr Kleintiere und Nager, z.B. Kaninchen, Meerschweinchen oder M\u00e4use, ist mit Kokosnussseil umwickelt. Sie bietet eine tolle Besch\u00e4ftigungsm\u00f6glichkeit f\u00fcr Ihr Tier und hilft zugleich bei der Zahn- und Krallenpflege. Die Tonne kann von Kleinnagern als H\u00f6hle genutzt werden, w\u00e4hrend gr\u00f6\u00dfere Tiere sie als Spielzeug nutzen k\u00f6nnen.<\/p>\n<p>Gr\u00f6\u00dfe: ca. 12 x 10,5 cm (Durchmesser x H\u00f6he)<\/p>\n","protected":false},"excerpt":{"rendered":"<p>Die Spieltonne f\u00fcr Kleintiere und Nager, z.B. Kaninchen, Meerschweinchen oder M\u00e4use, ist mit Kokosnussseil umwickelt. Sie bietet eine tolle Besch\u00e4ftigungsm\u00f6glichkeit f\u00fcr Ihr Tier und hilft zugleich bei der Zahn- und Krallenpflege. Die Tonne kann von Kleinnagern als H\u00f6hle genutzt werden, w\u00e4hrend gr\u00f6\u00dfere Tiere sie als Spielzeug nutzen k\u00f6nnen. Gr\u00f6\u00dfe: ca. 12 x 10,5 cm (Durchmesser [&hellip;]<\/p>\n","protected":false},"featured_media":23927,"comment_status":"closed","ping_status":"open","template":"","meta":[],"product_cat":[14753],"product_tag":[],"class_list":{"0":"post-47464","1":"product","2":"type-product","3":"status-publish","4":"has-post-thumbnail","6":"product_cat-weitere-haeuser-ausstattung-zubehoer-spiel-sportkleintierwelt-ausstattung-zubehoer-kleintierwelt","8":"first","9":"instock","10":"taxable","11":"shipping-taxable","12":"purchasable","13":"product-type-simple"},"_links":{"self":[{"href":"https:\/\/all-pets.de\/shop\/wp-json\/wp\/v2\/product\/47464","targetHints":{"allow":["GET"]}}],"collection":[{"href":"https:\/\/all-pets.de\/shop\/wp-json\/wp\/v2\/product"}],"about":[{"href":"https:\/\/all-pets.de\/shop\/wp-json\/wp\/v2\/types\/product"}],"replies":[{"embeddable":true,"href":"https:\/\/all-pets.de\/shop\/wp-json\/wp\/v2\/comments?post=47464"}],"wp:featuredmedia":[{"embeddable":true,"href":"https:\/\/all-pets.de\/shop\/wp-json\/wp\/v2\/media\/23927"}],"wp:attachment":[{"href":"https:\/\/all-pets.de\/shop\/wp-json\/wp\/v2\/media?parent=47464"}],"wp:term":[{"taxonomy":"product_cat","embeddable":true,"href":"https:\/\/all-pets.de\/shop\/wp-json\/wp\/v2\/product_cat?post=47464"},{"taxonomy":"product_tag","embeddable":true,"href":"https:\/\/all-pets.de\/shop\/wp-json\/wp\/v2\/product_tag?post=47464"}],"curies":[{"name":"wp","href":"https:\/\/api.w.org\/{rel}","templated":true}]}}