{"id":47465,"date":"2023-12-12T10:54:55","date_gmt":"2023-12-12T09:54:55","guid":{"rendered":"https:\/\/pet-shopping.de\/shop\/produkt\/procyon-rollbarer-silikon-doppelnapf\/"},"modified":"2023-12-12T10:54:56","modified_gmt":"2023-12-12T09:54:56","slug":"procyon-rollbarer-silikon-doppelnapf","status":"publish","type":"product","link":"https:\/\/all-pets.de\/shop\/produkt\/procyon-rollbarer-silikon-doppelnapf\/","title":{"rendered":"PROCYON Rollbarer Silikon-Doppelnapf"},"content":{"rendered":"<p>Der rollbare Silikon-Doppelnapf ist ein absolut idealer Reisepartner f\u00fcr alle l\u00e4ngeren Strecken mit Hund.<\/p>\n<p>Zusammengerollt l\u00e4sst er sich platzsparend in jeder Tasche verstauen und wenn eine Pause ansteht, ist in Sekundenschnelle ein kompletter Futterplatz mit zwei N\u00e4pfen aufgebaut. Wer ihn einmal dabei hatte, m\u00f6chte ihn nicht mehr missen!<\/p>\n<p>Farbe: Grau<br \/> Gr\u00f6\u00dfe: ca. 45 x 26 cm<br \/> Napfgr\u00f6\u00dfe: ca. 12 x 12 x 5 cm<\/p>\n","protected":false},"excerpt":{"rendered":"<p>Der rollbare Silikon-Doppelnapf ist ein absolut idealer Reisepartner f\u00fcr alle l\u00e4ngeren Strecken mit Hund. Zusammengerollt l\u00e4sst er sich platzsparend in jeder Tasche verstauen und wenn eine Pause ansteht, ist in Sekundenschnelle ein kompletter Futterplatz mit zwei N\u00e4pfen aufgebaut. Wer ihn einmal dabei hatte, m\u00f6chte ihn nicht mehr missen! Farbe: Grau Gr\u00f6\u00dfe: ca. 45 x 26 [&hellip;]<\/p>\n","protected":false},"featured_media":15522,"comment_status":"closed","ping_status":"open","template":"","meta":[],"product_cat":[14605],"product_tag":[],"class_list":{"0":"post-47465","1":"product","2":"type-product","3":"status-publish","4":"has-post-thumbnail","6":"product_cat-reisenaepfe-fuer-hunde","8":"first","9":"instock","10":"taxable","11":"shipping-taxable","12":"purchasable","13":"product-type-simple"},"_links":{"self":[{"href":"https:\/\/all-pets.de\/shop\/wp-json\/wp\/v2\/product\/47465","targetHints":{"allow":["GET"]}}],"collection":[{"href":"https:\/\/all-pets.de\/shop\/wp-json\/wp\/v2\/product"}],"about":[{"href":"https:\/\/all-pets.de\/shop\/wp-json\/wp\/v2\/types\/product"}],"replies":[{"embeddable":true,"href":"https:\/\/all-pets.de\/shop\/wp-json\/wp\/v2\/comments?post=47465"}],"wp:featuredmedia":[{"embeddable":true,"href":"https:\/\/all-pets.de\/shop\/wp-json\/wp\/v2\/media\/15522"}],"wp:attachment":[{"href":"https:\/\/all-pets.de\/shop\/wp-json\/wp\/v2\/media?parent=47465"}],"wp:term":[{"taxonomy":"product_cat","embeddable":true,"href":"https:\/\/all-pets.de\/shop\/wp-json\/wp\/v2\/product_cat?post=47465"},{"taxonomy":"product_tag","embeddable":true,"href":"https:\/\/all-pets.de\/shop\/wp-json\/wp\/v2\/product_tag?post=47465"}],"curies":[{"name":"wp","href":"https:\/\/api.w.org\/{rel}","templated":true}]}}