{"id":47466,"date":"2023-12-12T10:54:55","date_gmt":"2023-12-12T09:54:55","guid":{"rendered":"https:\/\/pet-shopping.de\/shop\/produkt\/karlie-flamingo-3-spielsticks-mit-kokosnussseil\/"},"modified":"2023-12-12T10:54:57","modified_gmt":"2023-12-12T09:54:57","slug":"karlie-flamingo-3-spielsticks-mit-kokosnussseil","status":"publish","type":"product","link":"https:\/\/all-pets.de\/shop\/produkt\/karlie-flamingo-3-spielsticks-mit-kokosnussseil\/","title":{"rendered":"Karlie Flamingo 3 Spielsticks mit Kokosnussseil"},"content":{"rendered":"<p>Die Spielsticks f\u00fcr Kleintiere und Nager, z.B. Kaninchen, Meerschweinchen oder M\u00e4use, bestehen aus Holzsticks, die mit Kokosnussseil umwickelt sind. Sie bieten eine tolle Besch\u00e4ftigungsm\u00f6glichkeit f\u00fcr Ihr Tier und helfen zugleich bei der Zahn- und Krallenpflege.<\/p>\n<p>Inhalt: 2 Sticks<br \/> Gr\u00f6\u00dfe: ca. 10 cm<\/p>\n","protected":false},"excerpt":{"rendered":"<p>Die Spielsticks f\u00fcr Kleintiere und Nager, z.B. Kaninchen, Meerschweinchen oder M\u00e4use, bestehen aus Holzsticks, die mit Kokosnussseil umwickelt sind. Sie bieten eine tolle Besch\u00e4ftigungsm\u00f6glichkeit f\u00fcr Ihr Tier und helfen zugleich bei der Zahn- und Krallenpflege. Inhalt: 2 Sticks Gr\u00f6\u00dfe: ca. 10 cm<\/p>\n","protected":false},"featured_media":34919,"comment_status":"closed","ping_status":"open","template":"","meta":[],"product_cat":[13745],"product_tag":[],"class_list":{"0":"post-47466","1":"product","2":"type-product","3":"status-publish","4":"has-post-thumbnail","6":"product_cat-spiel-sport","8":"first","9":"instock","10":"taxable","11":"shipping-taxable","12":"purchasable","13":"product-type-simple"},"_links":{"self":[{"href":"https:\/\/all-pets.de\/shop\/wp-json\/wp\/v2\/product\/47466","targetHints":{"allow":["GET"]}}],"collection":[{"href":"https:\/\/all-pets.de\/shop\/wp-json\/wp\/v2\/product"}],"about":[{"href":"https:\/\/all-pets.de\/shop\/wp-json\/wp\/v2\/types\/product"}],"replies":[{"embeddable":true,"href":"https:\/\/all-pets.de\/shop\/wp-json\/wp\/v2\/comments?post=47466"}],"wp:featuredmedia":[{"embeddable":true,"href":"https:\/\/all-pets.de\/shop\/wp-json\/wp\/v2\/media\/34919"}],"wp:attachment":[{"href":"https:\/\/all-pets.de\/shop\/wp-json\/wp\/v2\/media?parent=47466"}],"wp:term":[{"taxonomy":"product_cat","embeddable":true,"href":"https:\/\/all-pets.de\/shop\/wp-json\/wp\/v2\/product_cat?post=47466"},{"taxonomy":"product_tag","embeddable":true,"href":"https:\/\/all-pets.de\/shop\/wp-json\/wp\/v2\/product_tag?post=47466"}],"curies":[{"name":"wp","href":"https:\/\/api.w.org\/{rel}","templated":true}]}}