{"id":47469,"date":"2023-12-12T10:54:55","date_gmt":"2023-12-12T09:54:55","guid":{"rendered":"https:\/\/pet-shopping.de\/shop\/produkt\/karlie-flamingo-strong-stuff-shots-stick\/"},"modified":"2023-12-12T10:54:57","modified_gmt":"2023-12-12T09:54:57","slug":"karlie-flamingo-strong-stuff-shots-stick","status":"publish","type":"product","link":"https:\/\/all-pets.de\/shop\/produkt\/karlie-flamingo-strong-stuff-shots-stick\/","title":{"rendered":"Karlie Flamingo Strong Stuff Shots Stick"},"content":{"rendered":"<p>Die Strong Stuff Kauspielzeuge bestehen aus super robustem TPR und sind nahezu unzerst\u00f6rbar. Da sie schwimmf\u00e4hig sind, eignen sie sich zudem auch perfekt f\u00fcr einen Spaziergang am See.<\/p>\n<p>Der Stick ist ca. 15 x 5,5 cm gro\u00df und eignet sich perfekt f\u00fcr Apportierspiele.<\/p>\n<p>Farbe: Pink<\/p>\n","protected":false},"excerpt":{"rendered":"<p>Die Strong Stuff Kauspielzeuge bestehen aus super robustem TPR und sind nahezu unzerst\u00f6rbar. Da sie schwimmf\u00e4hig sind, eignen sie sich zudem auch perfekt f\u00fcr einen Spaziergang am See. Der Stick ist ca. 15 x 5,5 cm gro\u00df und eignet sich perfekt f\u00fcr Apportierspiele. Farbe: Pink<\/p>\n","protected":false},"featured_media":520,"comment_status":"closed","ping_status":"open","template":"","meta":[],"product_cat":[13806],"product_tag":[],"class_list":{"0":"post-47469","1":"product","2":"type-product","3":"status-publish","4":"has-post-thumbnail","6":"product_cat-weitere-spielzeuge-hundespielzeug-sport-aqua-spielzeughundewelt","8":"first","9":"instock","10":"taxable","11":"shipping-taxable","12":"purchasable","13":"product-type-simple"},"_links":{"self":[{"href":"https:\/\/all-pets.de\/shop\/wp-json\/wp\/v2\/product\/47469","targetHints":{"allow":["GET"]}}],"collection":[{"href":"https:\/\/all-pets.de\/shop\/wp-json\/wp\/v2\/product"}],"about":[{"href":"https:\/\/all-pets.de\/shop\/wp-json\/wp\/v2\/types\/product"}],"replies":[{"embeddable":true,"href":"https:\/\/all-pets.de\/shop\/wp-json\/wp\/v2\/comments?post=47469"}],"wp:featuredmedia":[{"embeddable":true,"href":"https:\/\/all-pets.de\/shop\/wp-json\/wp\/v2\/media\/520"}],"wp:attachment":[{"href":"https:\/\/all-pets.de\/shop\/wp-json\/wp\/v2\/media?parent=47469"}],"wp:term":[{"taxonomy":"product_cat","embeddable":true,"href":"https:\/\/all-pets.de\/shop\/wp-json\/wp\/v2\/product_cat?post=47469"},{"taxonomy":"product_tag","embeddable":true,"href":"https:\/\/all-pets.de\/shop\/wp-json\/wp\/v2\/product_tag?post=47469"}],"curies":[{"name":"wp","href":"https:\/\/api.w.org\/{rel}","templated":true}]}}