{"id":47644,"date":"2023-12-12T10:55:22","date_gmt":"2023-12-12T09:55:22","guid":{"rendered":"https:\/\/pet-shopping.de\/shop\/produkt\/karlie-flamingo-plueschspielzeug-schaefchen\/"},"modified":"2023-12-12T10:55:23","modified_gmt":"2023-12-12T09:55:23","slug":"karlie-flamingo-plueschspielzeug-schaefchen","status":"publish","type":"product","link":"https:\/\/all-pets.de\/shop\/produkt\/karlie-flamingo-plueschspielzeug-schaefchen\/","title":{"rendered":"Karlie Flamingo Pl\u00fcschspielzeug Sch\u00e4fchen"},"content":{"rendered":"<p>Das s\u00fc\u00dfe Pl\u00fcsch-Sch\u00e4fchen ist der ideale Partner zum Schmusen und Spielen! Mit Squeeker.<\/p>\n<p>Gr\u00f6\u00dfe: ca. 23 cm<br \/> 1 St\u00fcck<\/p>\n<p>Eine Farbwahl ist leider nicht m\u00f6glich, da die Farbe je nach Lagerbestand gew\u00e4hlt wird.<\/p>\n","protected":false},"excerpt":{"rendered":"<p>Das s\u00fc\u00dfe Pl\u00fcsch-Sch\u00e4fchen ist der ideale Partner zum Schmusen und Spielen! Mit Squeeker. Gr\u00f6\u00dfe: ca. 23 cm 1 St\u00fcck Eine Farbwahl ist leider nicht m\u00f6glich, da die Farbe je nach Lagerbestand gew\u00e4hlt wird.<\/p>\n","protected":false},"featured_media":25120,"comment_status":"closed","ping_status":"open","template":"","meta":[],"product_cat":[13828],"product_tag":[],"class_list":{"0":"post-47644","1":"product","2":"type-product","3":"status-publish","4":"has-post-thumbnail","6":"product_cat-plueschspielzeug-hundespielzeug-sport","8":"first","9":"instock","10":"taxable","11":"shipping-taxable","12":"purchasable","13":"product-type-simple"},"_links":{"self":[{"href":"https:\/\/all-pets.de\/shop\/wp-json\/wp\/v2\/product\/47644","targetHints":{"allow":["GET"]}}],"collection":[{"href":"https:\/\/all-pets.de\/shop\/wp-json\/wp\/v2\/product"}],"about":[{"href":"https:\/\/all-pets.de\/shop\/wp-json\/wp\/v2\/types\/product"}],"replies":[{"embeddable":true,"href":"https:\/\/all-pets.de\/shop\/wp-json\/wp\/v2\/comments?post=47644"}],"wp:featuredmedia":[{"embeddable":true,"href":"https:\/\/all-pets.de\/shop\/wp-json\/wp\/v2\/media\/25120"}],"wp:attachment":[{"href":"https:\/\/all-pets.de\/shop\/wp-json\/wp\/v2\/media?parent=47644"}],"wp:term":[{"taxonomy":"product_cat","embeddable":true,"href":"https:\/\/all-pets.de\/shop\/wp-json\/wp\/v2\/product_cat?post=47644"},{"taxonomy":"product_tag","embeddable":true,"href":"https:\/\/all-pets.de\/shop\/wp-json\/wp\/v2\/product_tag?post=47644"}],"curies":[{"name":"wp","href":"https:\/\/api.w.org\/{rel}","templated":true}]}}