{"id":47645,"date":"2023-12-12T10:55:22","date_gmt":"2023-12-12T09:55:22","guid":{"rendered":"https:\/\/pet-shopping.de\/shop\/produkt\/karlie-flamingo-latexspielzeug-doggy-donut\/"},"modified":"2023-12-12T10:55:23","modified_gmt":"2023-12-12T09:55:23","slug":"karlie-flamingo-latexspielzeug-doggy-donut","status":"publish","type":"product","link":"https:\/\/all-pets.de\/shop\/produkt\/karlie-flamingo-latexspielzeug-doggy-donut\/","title":{"rendered":"Karlie Flamingo Latexspielzeug Doggy Donut"},"content":{"rendered":"<p>Das lustige Hundespielzeug in Form eines Donuts besteht aus Latex und wird sicherlich einige Blicke auf Ihren Hund ziehen. Mit Squeeker.<\/p>\n<p>Durchmesser: ca. 12 cm<br \/> 1 St\u00fcck<\/p>\n<p>Eine Farbwahl ist leider nicht m\u00f6glich, da die Farbe je nach Lagerbestand gew\u00e4hlt wird.<\/p>\n","protected":false},"excerpt":{"rendered":"<p>Das lustige Hundespielzeug in Form eines Donuts besteht aus Latex und wird sicherlich einige Blicke auf Ihren Hund ziehen. Mit Squeeker. Durchmesser: ca. 12 cm 1 St\u00fcck Eine Farbwahl ist leider nicht m\u00f6glich, da die Farbe je nach Lagerbestand gew\u00e4hlt wird.<\/p>\n","protected":false},"featured_media":1298,"comment_status":"closed","ping_status":"open","template":"","meta":[],"product_cat":[13748],"product_tag":[],"class_list":{"0":"post-47645","1":"product","2":"type-product","3":"status-publish","4":"has-post-thumbnail","6":"product_cat-squeeker","8":"first","9":"instock","10":"taxable","11":"shipping-taxable","12":"purchasable","13":"product-type-simple"},"_links":{"self":[{"href":"https:\/\/all-pets.de\/shop\/wp-json\/wp\/v2\/product\/47645","targetHints":{"allow":["GET"]}}],"collection":[{"href":"https:\/\/all-pets.de\/shop\/wp-json\/wp\/v2\/product"}],"about":[{"href":"https:\/\/all-pets.de\/shop\/wp-json\/wp\/v2\/types\/product"}],"replies":[{"embeddable":true,"href":"https:\/\/all-pets.de\/shop\/wp-json\/wp\/v2\/comments?post=47645"}],"wp:featuredmedia":[{"embeddable":true,"href":"https:\/\/all-pets.de\/shop\/wp-json\/wp\/v2\/media\/1298"}],"wp:attachment":[{"href":"https:\/\/all-pets.de\/shop\/wp-json\/wp\/v2\/media?parent=47645"}],"wp:term":[{"taxonomy":"product_cat","embeddable":true,"href":"https:\/\/all-pets.de\/shop\/wp-json\/wp\/v2\/product_cat?post=47645"},{"taxonomy":"product_tag","embeddable":true,"href":"https:\/\/all-pets.de\/shop\/wp-json\/wp\/v2\/product_tag?post=47645"}],"curies":[{"name":"wp","href":"https:\/\/api.w.org\/{rel}","templated":true}]}}