{"id":47646,"date":"2023-12-12T10:55:22","date_gmt":"2023-12-12T09:55:22","guid":{"rendered":"https:\/\/pet-shopping.de\/shop\/produkt\/karlie-flamingo-nagerspielzeug-bruecke-mit-kokosnussseil\/"},"modified":"2023-12-12T10:55:23","modified_gmt":"2023-12-12T09:55:23","slug":"karlie-flamingo-nagerspielzeug-bruecke-mit-kokosnussseil","status":"publish","type":"product","link":"https:\/\/all-pets.de\/shop\/produkt\/karlie-flamingo-nagerspielzeug-bruecke-mit-kokosnussseil\/","title":{"rendered":"Karlie Flamingo Nagerspielzeug Br\u00fccke mit Kokosnussseil"},"content":{"rendered":"<p>Die Spielbr\u00fccke f\u00fcr Kleintiere und Nager, z.B. Kaninchen, Meerschweinchen oder M\u00e4use, besteht aus Holz, welches mit Kokosnussseil umwickelt ist. Sie bietet eine tolle Besch\u00e4ftigungsm\u00f6glichkeit f\u00fcr Ihr Tier und hilft zugleich bei der Zahn- und Krallenpflege.<\/p>\n<p>Gr\u00f6\u00dfe: ca. 19 x 24 x 16,5 cm<\/p>\n","protected":false},"excerpt":{"rendered":"<p>Die Spielbr\u00fccke f\u00fcr Kleintiere und Nager, z.B. Kaninchen, Meerschweinchen oder M\u00e4use, besteht aus Holz, welches mit Kokosnussseil umwickelt ist. Sie bietet eine tolle Besch\u00e4ftigungsm\u00f6glichkeit f\u00fcr Ihr Tier und hilft zugleich bei der Zahn- und Krallenpflege. Gr\u00f6\u00dfe: ca. 19 x 24 x 16,5 cm<\/p>\n","protected":false},"featured_media":15674,"comment_status":"closed","ping_status":"open","template":"","meta":[],"product_cat":[13745],"product_tag":[],"class_list":{"0":"post-47646","1":"product","2":"type-product","3":"status-publish","4":"has-post-thumbnail","6":"product_cat-spiel-sport","8":"first","9":"instock","10":"taxable","11":"shipping-taxable","12":"purchasable","13":"product-type-simple"},"_links":{"self":[{"href":"https:\/\/all-pets.de\/shop\/wp-json\/wp\/v2\/product\/47646","targetHints":{"allow":["GET"]}}],"collection":[{"href":"https:\/\/all-pets.de\/shop\/wp-json\/wp\/v2\/product"}],"about":[{"href":"https:\/\/all-pets.de\/shop\/wp-json\/wp\/v2\/types\/product"}],"replies":[{"embeddable":true,"href":"https:\/\/all-pets.de\/shop\/wp-json\/wp\/v2\/comments?post=47646"}],"wp:featuredmedia":[{"embeddable":true,"href":"https:\/\/all-pets.de\/shop\/wp-json\/wp\/v2\/media\/15674"}],"wp:attachment":[{"href":"https:\/\/all-pets.de\/shop\/wp-json\/wp\/v2\/media?parent=47646"}],"wp:term":[{"taxonomy":"product_cat","embeddable":true,"href":"https:\/\/all-pets.de\/shop\/wp-json\/wp\/v2\/product_cat?post=47646"},{"taxonomy":"product_tag","embeddable":true,"href":"https:\/\/all-pets.de\/shop\/wp-json\/wp\/v2\/product_tag?post=47646"}],"curies":[{"name":"wp","href":"https:\/\/api.w.org\/{rel}","templated":true}]}}