{"id":47647,"date":"2023-12-12T10:55:22","date_gmt":"2023-12-12T09:55:22","guid":{"rendered":"https:\/\/pet-shopping.de\/shop\/produkt\/catit-reinigungsset-fuer-trinkbrunnen\/"},"modified":"2023-12-12T10:55:23","modified_gmt":"2023-12-12T09:55:23","slug":"catit-reinigungsset-fuer-trinkbrunnen","status":"publish","type":"product","link":"https:\/\/all-pets.de\/shop\/produkt\/catit-reinigungsset-fuer-trinkbrunnen\/","title":{"rendered":"CATIT Reinigungsset f\u00fcr Trinkbrunnen"},"content":{"rendered":"<p><span style=\"font-weight: bold\">Reinigungsset f\u00fcr den Trinkbrunnen<\/span><\/p>\n<p> Zweiteiliges Wartungsset f\u00fcr den Catit Trinkbrunnen<\/p>\n<ul>\n<li>B\u00fcrste mit schmaler Spitze f\u00fcr einen guten Zugang in kleine Ecken<\/li>\n<li>Blumenf\u00f6rmiger Reinigungsschwamm mit zwei verschiedenen und welligen Oberfl\u00e4chen<\/li>\n<li>Der wellige Schwamm entfernt allen Schmutz von empfindlichen Oberfl\u00e4chen<\/li>\n<li>Scheuerpad f\u00fcr intensives Schrubben<\/li>\n<\/ul>\n","protected":false},"excerpt":{"rendered":"<p>Reinigungsset f\u00fcr den Trinkbrunnen Zweiteiliges Wartungsset f\u00fcr den Catit Trinkbrunnen B\u00fcrste mit schmaler Spitze f\u00fcr einen guten Zugang in kleine Ecken Blumenf\u00f6rmiger Reinigungsschwamm mit zwei verschiedenen und welligen Oberfl\u00e4chen Der wellige Schwamm entfernt allen Schmutz von empfindlichen Oberfl\u00e4chen Scheuerpad f\u00fcr intensives Schrubben<\/p>\n","protected":false},"featured_media":31754,"comment_status":"closed","ping_status":"open","template":"","meta":[],"product_cat":[14772],"product_tag":[],"class_list":{"0":"post-47647","1":"product","2":"type-product","3":"status-publish","4":"has-post-thumbnail","6":"product_cat-reinigen-trocknen-pflege-gesundheit-katzentraenken-trinkbrunnenkatzenwelt","8":"first","9":"instock","10":"taxable","11":"shipping-taxable","12":"purchasable","13":"product-type-simple"},"_links":{"self":[{"href":"https:\/\/all-pets.de\/shop\/wp-json\/wp\/v2\/product\/47647","targetHints":{"allow":["GET"]}}],"collection":[{"href":"https:\/\/all-pets.de\/shop\/wp-json\/wp\/v2\/product"}],"about":[{"href":"https:\/\/all-pets.de\/shop\/wp-json\/wp\/v2\/types\/product"}],"replies":[{"embeddable":true,"href":"https:\/\/all-pets.de\/shop\/wp-json\/wp\/v2\/comments?post=47647"}],"wp:featuredmedia":[{"embeddable":true,"href":"https:\/\/all-pets.de\/shop\/wp-json\/wp\/v2\/media\/31754"}],"wp:attachment":[{"href":"https:\/\/all-pets.de\/shop\/wp-json\/wp\/v2\/media?parent=47647"}],"wp:term":[{"taxonomy":"product_cat","embeddable":true,"href":"https:\/\/all-pets.de\/shop\/wp-json\/wp\/v2\/product_cat?post=47647"},{"taxonomy":"product_tag","embeddable":true,"href":"https:\/\/all-pets.de\/shop\/wp-json\/wp\/v2\/product_tag?post=47647"}],"curies":[{"name":"wp","href":"https:\/\/api.w.org\/{rel}","templated":true}]}}