{"id":47648,"date":"2023-12-12T10:55:22","date_gmt":"2023-12-12T09:55:22","guid":{"rendered":"https:\/\/pet-shopping.de\/shop\/produkt\/ebi-kratzbaum-trend-curacao\/"},"modified":"2023-12-12T10:55:23","modified_gmt":"2023-12-12T09:55:23","slug":"ebi-kratzbaum-trend-curacao","status":"publish","type":"product","link":"https:\/\/all-pets.de\/shop\/produkt\/ebi-kratzbaum-trend-curacao\/","title":{"rendered":"EBI Kratzbaum Trend Curacao"},"content":{"rendered":"<p>Mittelgrosser Kratzbaum mit einer grossen, auf zwei Sisalst\u00e4mmen stehenden, gepolsterten H\u00f6hle (mit einer \u00d6ffnung \/ aus Wasserhyazinthenbl\u00e4ttern), mit drei Liegefl\u00e4chen sowie einem gepolsterten, mit Wasserhyazinthenbl\u00e4tter umrandeten Liegesofa. An zwei der Liegefl\u00e4chen sind Pl\u00fcschb\u00e4lle am Gummiband h\u00e4ngend angebracht, welche die Katze zum Spielen einladen Die Polsterung in der H\u00f6hle und auf dem Sofa sind durch Klettverschl\u00fcsse abnehmbar und waschbar bei 30\u00ba Celsius. Die Fl\u00e4che \u00fcber der H\u00f6hle ist mit Jute-Strukturstoff \u00fcberzogen und verleimt. Die St\u00e4mme (\u00f8 9 cm) mit ABS-H\u00fclsen, sind desweiteren auch mit Wasserhyazinthenbl\u00e4ttern umwickelt und verleimt. Die Liegefl\u00e4chen sind allesamt verleimt. Die verarbeitete Pl\u00fcschqualit\u00e4t ist 580g\/qm. Schadstoffgepr\u00fcft. <\/p>\n<p>Gr\u00f6sse: 48 x 48 x 141cm <br \/> S\u00e4ulen: \u00f8 9 cm. <br \/> Farbe Pl\u00fcsch: beige<br \/> Farbe Wasserhyazinth-Umrandung: dunkelbraun<br \/> Farbe St\u00e4mme: dunkelbeige<\/p>\n","protected":false},"excerpt":{"rendered":"<p>Mittelgrosser Kratzbaum mit einer grossen, auf zwei Sisalst\u00e4mmen stehenden, gepolsterten H\u00f6hle (mit einer \u00d6ffnung \/ aus Wasserhyazinthenbl\u00e4ttern), mit drei Liegefl\u00e4chen sowie einem gepolsterten, mit Wasserhyazinthenbl\u00e4tter umrandeten Liegesofa. An zwei der Liegefl\u00e4chen sind Pl\u00fcschb\u00e4lle am Gummiband h\u00e4ngend angebracht, welche die Katze zum Spielen einladen Die Polsterung in der H\u00f6hle und auf dem Sofa sind durch Klettverschl\u00fcsse [&hellip;]<\/p>\n","protected":false},"featured_media":24243,"comment_status":"closed","ping_status":"open","template":"","meta":[],"product_cat":[13784],"product_tag":[],"class_list":{"0":"post-47648","1":"product","2":"type-product","3":"status-publish","4":"has-post-thumbnail","6":"product_cat-kratzbaeume-moebel-bis-175-cmkatzenwelt","8":"first","9":"instock","10":"taxable","11":"shipping-taxable","12":"purchasable","13":"product-type-simple"},"_links":{"self":[{"href":"https:\/\/all-pets.de\/shop\/wp-json\/wp\/v2\/product\/47648","targetHints":{"allow":["GET"]}}],"collection":[{"href":"https:\/\/all-pets.de\/shop\/wp-json\/wp\/v2\/product"}],"about":[{"href":"https:\/\/all-pets.de\/shop\/wp-json\/wp\/v2\/types\/product"}],"replies":[{"embeddable":true,"href":"https:\/\/all-pets.de\/shop\/wp-json\/wp\/v2\/comments?post=47648"}],"wp:featuredmedia":[{"embeddable":true,"href":"https:\/\/all-pets.de\/shop\/wp-json\/wp\/v2\/media\/24243"}],"wp:attachment":[{"href":"https:\/\/all-pets.de\/shop\/wp-json\/wp\/v2\/media?parent=47648"}],"wp:term":[{"taxonomy":"product_cat","embeddable":true,"href":"https:\/\/all-pets.de\/shop\/wp-json\/wp\/v2\/product_cat?post=47648"},{"taxonomy":"product_tag","embeddable":true,"href":"https:\/\/all-pets.de\/shop\/wp-json\/wp\/v2\/product_tag?post=47648"}],"curies":[{"name":"wp","href":"https:\/\/api.w.org\/{rel}","templated":true}]}}