{"id":47656,"date":"2023-12-12T10:55:26","date_gmt":"2023-12-12T09:55:26","guid":{"rendered":"https:\/\/pet-shopping.de\/shop\/produkt\/trixie-xmas-spielangel-rentier\/"},"modified":"2023-12-12T10:55:26","modified_gmt":"2023-12-12T09:55:26","slug":"trixie-xmas-spielangel-rentier","status":"publish","type":"product","link":"https:\/\/all-pets.de\/shop\/produkt\/trixie-xmas-spielangel-rentier\/","title":{"rendered":"Trixie Xmas Spielangel Rentier"},"content":{"rendered":"<p>Weihnachtliche Stimmung auch f\u00fcr Ihre Katze, bekommen Sie mit diesem niedlichen Katzenspielzeug.<\/p>\n<p>Katzen lieben Katzenangeln und die damit verbundene Interaktion mit ihrem Herrchen! Mit dieser Spielangel mit Rentier aus Pl\u00fcsch und Filz machen Sie Ihrer Samtpfote zum Fest also eine ganz besonders gro\u00dfe Freude. Das Rentier ist mit eingen\u00e4hter Raschelfolie und mit Catnipduft best\u00fcckt.<\/p>\n<p>L\u00e4nge ca. 43 cm<\/p>\n<p>Eine Farbwahl ist leider nicht m\u00f6glich, da die Farbe je nach Lagerbestand gew\u00e4hlt wird.<\/p>\n","protected":false},"excerpt":{"rendered":"<p>Weihnachtliche Stimmung auch f\u00fcr Ihre Katze, bekommen Sie mit diesem niedlichen Katzenspielzeug. Katzen lieben Katzenangeln und die damit verbundene Interaktion mit ihrem Herrchen! Mit dieser Spielangel mit Rentier aus Pl\u00fcsch und Filz machen Sie Ihrer Samtpfote zum Fest also eine ganz besonders gro\u00dfe Freude. Das Rentier ist mit eingen\u00e4hter Raschelfolie und mit Catnipduft best\u00fcckt. L\u00e4nge [&hellip;]<\/p>\n","protected":false},"featured_media":31485,"comment_status":"closed","ping_status":"open","template":"","meta":[],"product_cat":[14775],"product_tag":[],"class_list":{"0":"post-47656","1":"product","2":"type-product","3":"status-publish","4":"has-post-thumbnail","6":"product_cat-katzen-x-mas-katzenspielangeln-cokatzenwelt","8":"first","9":"instock","10":"taxable","11":"shipping-taxable","12":"purchasable","13":"product-type-simple"},"_links":{"self":[{"href":"https:\/\/all-pets.de\/shop\/wp-json\/wp\/v2\/product\/47656","targetHints":{"allow":["GET"]}}],"collection":[{"href":"https:\/\/all-pets.de\/shop\/wp-json\/wp\/v2\/product"}],"about":[{"href":"https:\/\/all-pets.de\/shop\/wp-json\/wp\/v2\/types\/product"}],"replies":[{"embeddable":true,"href":"https:\/\/all-pets.de\/shop\/wp-json\/wp\/v2\/comments?post=47656"}],"wp:featuredmedia":[{"embeddable":true,"href":"https:\/\/all-pets.de\/shop\/wp-json\/wp\/v2\/media\/31485"}],"wp:attachment":[{"href":"https:\/\/all-pets.de\/shop\/wp-json\/wp\/v2\/media?parent=47656"}],"wp:term":[{"taxonomy":"product_cat","embeddable":true,"href":"https:\/\/all-pets.de\/shop\/wp-json\/wp\/v2\/product_cat?post=47656"},{"taxonomy":"product_tag","embeddable":true,"href":"https:\/\/all-pets.de\/shop\/wp-json\/wp\/v2\/product_tag?post=47656"}],"curies":[{"name":"wp","href":"https:\/\/api.w.org\/{rel}","templated":true}]}}