{"id":47657,"date":"2023-12-12T10:55:26","date_gmt":"2023-12-12T09:55:26","guid":{"rendered":"https:\/\/pet-shopping.de\/shop\/produkt\/trixie-two-in-one-shampoo-250-ml\/"},"modified":"2023-12-12T10:55:26","modified_gmt":"2023-12-12T09:55:26","slug":"trixie-two-in-one-shampoo-250-ml","status":"publish","type":"product","link":"https:\/\/all-pets.de\/shop\/produkt\/trixie-two-in-one-shampoo-250-ml\/","title":{"rendered":"Trixie Two in One Shampoo &#8211; 250 ml"},"content":{"rendered":"<ul>\n<li> Shampoo &#038; Sp\u00fclung in einem <\/li>\n<li> nat\u00fcrliche, hochwertige Wirkstoffe, hoch konzentriert und sehr ergiebig <\/li>\n<li> D-Panthenol f\u00f6rdert die Wundheilung und versorgt die Haut mit Feuchtigkeit <\/li>\n<li> Jojoba\u00f6l verleiht dem Fell nat\u00fcrlichen Glanz und F\u00fclle <\/li>\n<li> die enthaltene Sp\u00fclung macht das Fell geschmeidig und sehr leicht k\u00e4mmbar <\/li>\n<li>Inhalt: 250 ml<\/li>\n<\/ul>\n","protected":false},"excerpt":{"rendered":"<p>Shampoo &#038; Sp\u00fclung in einem nat\u00fcrliche, hochwertige Wirkstoffe, hoch konzentriert und sehr ergiebig D-Panthenol f\u00f6rdert die Wundheilung und versorgt die Haut mit Feuchtigkeit Jojoba\u00f6l verleiht dem Fell nat\u00fcrlichen Glanz und F\u00fclle die enthaltene Sp\u00fclung macht das Fell geschmeidig und sehr leicht k\u00e4mmbar Inhalt: 250 ml<\/p>\n","protected":false},"featured_media":298,"comment_status":"closed","ping_status":"open","template":"","meta":[],"product_cat":[14071],"product_tag":[],"class_list":{"0":"post-47657","1":"product","2":"type-product","3":"status-publish","4":"has-post-thumbnail","6":"product_cat-shampoos","8":"first","9":"instock","10":"taxable","11":"shipping-taxable","12":"purchasable","13":"product-type-simple"},"_links":{"self":[{"href":"https:\/\/all-pets.de\/shop\/wp-json\/wp\/v2\/product\/47657","targetHints":{"allow":["GET"]}}],"collection":[{"href":"https:\/\/all-pets.de\/shop\/wp-json\/wp\/v2\/product"}],"about":[{"href":"https:\/\/all-pets.de\/shop\/wp-json\/wp\/v2\/types\/product"}],"replies":[{"embeddable":true,"href":"https:\/\/all-pets.de\/shop\/wp-json\/wp\/v2\/comments?post=47657"}],"wp:featuredmedia":[{"embeddable":true,"href":"https:\/\/all-pets.de\/shop\/wp-json\/wp\/v2\/media\/298"}],"wp:attachment":[{"href":"https:\/\/all-pets.de\/shop\/wp-json\/wp\/v2\/media?parent=47657"}],"wp:term":[{"taxonomy":"product_cat","embeddable":true,"href":"https:\/\/all-pets.de\/shop\/wp-json\/wp\/v2\/product_cat?post=47657"},{"taxonomy":"product_tag","embeddable":true,"href":"https:\/\/all-pets.de\/shop\/wp-json\/wp\/v2\/product_tag?post=47657"}],"curies":[{"name":"wp","href":"https:\/\/api.w.org\/{rel}","templated":true}]}}