{"id":47663,"date":"2023-12-12T10:55:26","date_gmt":"2023-12-12T09:55:26","guid":{"rendered":"https:\/\/pet-shopping.de\/shop\/produkt\/beeztees-latex-toy-pets\/"},"modified":"2023-12-12T10:55:26","modified_gmt":"2023-12-12T09:55:26","slug":"beeztees-latex-toy-pets","status":"publish","type":"product","link":"https:\/\/all-pets.de\/shop\/produkt\/beeztees-latex-toy-pets\/","title":{"rendered":"Beeztees Latex Toy Pets"},"content":{"rendered":"<p>Die Beeztees Pets sind eine tolle Truppe neuer Spielfreunde f\u00fcr Hunde. Diese Spielzeuge sind aus Latex und mit einem Squeaker f\u00fcr den besonderen Spielspa\u00df gearbeitet. <\/p>\n<p>Gr\u00f6\u00dfe: ca. 10,5 x 6 x 12 cm<\/p>\n<p>In 3 Varianten erh\u00e4ltlich: Flamingo, Alpaka und Faultier.<br \/> Eine Motivwahl ist leider nicht m\u00f6glich, da das Motiv je nach Lagerbestand gew\u00e4hlt wird!<\/p>\n","protected":false},"excerpt":{"rendered":"<p>Die Beeztees Pets sind eine tolle Truppe neuer Spielfreunde f\u00fcr Hunde. Diese Spielzeuge sind aus Latex und mit einem Squeaker f\u00fcr den besonderen Spielspa\u00df gearbeitet. Gr\u00f6\u00dfe: ca. 10,5 x 6 x 12 cm In 3 Varianten erh\u00e4ltlich: Flamingo, Alpaka und Faultier. Eine Motivwahl ist leider nicht m\u00f6glich, da das Motiv je nach Lagerbestand gew\u00e4hlt wird!<\/p>\n","protected":false},"featured_media":21255,"comment_status":"closed","ping_status":"open","template":"","meta":[],"product_cat":[13748],"product_tag":[],"class_list":{"0":"post-47663","1":"product","2":"type-product","3":"status-publish","4":"has-post-thumbnail","6":"product_cat-squeeker","8":"first","9":"instock","10":"taxable","11":"shipping-taxable","12":"purchasable","13":"product-type-simple"},"_links":{"self":[{"href":"https:\/\/all-pets.de\/shop\/wp-json\/wp\/v2\/product\/47663","targetHints":{"allow":["GET"]}}],"collection":[{"href":"https:\/\/all-pets.de\/shop\/wp-json\/wp\/v2\/product"}],"about":[{"href":"https:\/\/all-pets.de\/shop\/wp-json\/wp\/v2\/types\/product"}],"replies":[{"embeddable":true,"href":"https:\/\/all-pets.de\/shop\/wp-json\/wp\/v2\/comments?post=47663"}],"wp:featuredmedia":[{"embeddable":true,"href":"https:\/\/all-pets.de\/shop\/wp-json\/wp\/v2\/media\/21255"}],"wp:attachment":[{"href":"https:\/\/all-pets.de\/shop\/wp-json\/wp\/v2\/media?parent=47663"}],"wp:term":[{"taxonomy":"product_cat","embeddable":true,"href":"https:\/\/all-pets.de\/shop\/wp-json\/wp\/v2\/product_cat?post=47663"},{"taxonomy":"product_tag","embeddable":true,"href":"https:\/\/all-pets.de\/shop\/wp-json\/wp\/v2\/product_tag?post=47663"}],"curies":[{"name":"wp","href":"https:\/\/api.w.org\/{rel}","templated":true}]}}