{"id":47666,"date":"2023-12-12T10:55:26","date_gmt":"2023-12-12T09:55:26","guid":{"rendered":"https:\/\/pet-shopping.de\/shop\/produkt\/trixie-schnueffelteppich-fuer-kleintiere\/"},"modified":"2023-12-12T10:55:27","modified_gmt":"2023-12-12T09:55:27","slug":"trixie-schnueffelteppich-fuer-kleintiere","status":"publish","type":"product","link":"https:\/\/all-pets.de\/shop\/produkt\/trixie-schnueffelteppich-fuer-kleintiere\/","title":{"rendered":"Trixie Schn\u00fcffelteppich f\u00fcr Kleintiere"},"content":{"rendered":"<ul>\n<li>durch Schn\u00fcffeln und Graben gelangt das Tier an seine Belohnung<\/li>\n<li>artgerechte Besch\u00e4ftigung und geistige Herausforderung<\/li>\n<li>kann auch f\u00fcr die t\u00e4gliche Futtergabe genutzt werden<\/li>\n<li>mit 2 unterschiedlichen Fransenl\u00e4ngen<\/li>\n<li>herausnehmbare Kunststoffplatte verhindert Verkn\u00fcllen und erm\u00f6glicht eine leichte Reinigung<\/li>\n<li>Polyester<\/li>\n<li>waschbar bei 30\u00b0C<\/li>\n<li>Ma\u00dfe: ca. 27 x 20 cm<\/li>\n<li>Farbe: grau\/gr\u00fcn<\/li>\n<\/ul>\n","protected":false},"excerpt":{"rendered":"<p>durch Schn\u00fcffeln und Graben gelangt das Tier an seine Belohnung artgerechte Besch\u00e4ftigung und geistige Herausforderung kann auch f\u00fcr die t\u00e4gliche Futtergabe genutzt werden mit 2 unterschiedlichen Fransenl\u00e4ngen herausnehmbare Kunststoffplatte verhindert Verkn\u00fcllen und erm\u00f6glicht eine leichte Reinigung Polyester waschbar bei 30\u00b0C Ma\u00dfe: ca. 27 x 20 cm Farbe: grau\/gr\u00fcn<\/p>\n","protected":false},"featured_media":47667,"comment_status":"closed","ping_status":"open","template":"","meta":[],"product_cat":[13745],"product_tag":[],"class_list":{"0":"post-47666","1":"product","2":"type-product","3":"status-publish","4":"has-post-thumbnail","6":"product_cat-spiel-sport","8":"first","9":"instock","10":"taxable","11":"shipping-taxable","12":"purchasable","13":"product-type-simple"},"_links":{"self":[{"href":"https:\/\/all-pets.de\/shop\/wp-json\/wp\/v2\/product\/47666","targetHints":{"allow":["GET"]}}],"collection":[{"href":"https:\/\/all-pets.de\/shop\/wp-json\/wp\/v2\/product"}],"about":[{"href":"https:\/\/all-pets.de\/shop\/wp-json\/wp\/v2\/types\/product"}],"replies":[{"embeddable":true,"href":"https:\/\/all-pets.de\/shop\/wp-json\/wp\/v2\/comments?post=47666"}],"wp:featuredmedia":[{"embeddable":true,"href":"https:\/\/all-pets.de\/shop\/wp-json\/wp\/v2\/media\/47667"}],"wp:attachment":[{"href":"https:\/\/all-pets.de\/shop\/wp-json\/wp\/v2\/media?parent=47666"}],"wp:term":[{"taxonomy":"product_cat","embeddable":true,"href":"https:\/\/all-pets.de\/shop\/wp-json\/wp\/v2\/product_cat?post=47666"},{"taxonomy":"product_tag","embeddable":true,"href":"https:\/\/all-pets.de\/shop\/wp-json\/wp\/v2\/product_tag?post=47666"}],"curies":[{"name":"wp","href":"https:\/\/api.w.org\/{rel}","templated":true}]}}