{"id":47670,"date":"2023-12-12T10:55:26","date_gmt":"2023-12-12T09:55:26","guid":{"rendered":"https:\/\/pet-shopping.de\/shop\/produkt\/trixie-rice-duck-balls-80g\/"},"modified":"2023-12-12T10:55:27","modified_gmt":"2023-12-12T09:55:27","slug":"trixie-rice-duck-balls-80g","status":"publish","type":"product","link":"https:\/\/all-pets.de\/shop\/produkt\/trixie-rice-duck-balls-80g\/","title":{"rendered":"Trixie Rice Duck Balls &#8211; 80g"},"content":{"rendered":"<p>Erg\u00e4nzungsfuttermittel f\u00fcr Hunde<\/p>\n<p>Rice Duck Balls mit viel Ente und ohne Zuckerzusatz sind eine besondere Delikatesse f\u00fcr Ihren Hund und ein optimaler Leckerbissen f\u00fcr zwischendurch. Fleischgehalt 81%, reich an Proteinen. Durch die wieder verschlie\u00dfbare Verpackung bleiben die Snacks besonders lange frisch<\/p>\n<p>Inhalt: 80 g<\/p>\n<p>Zusammensetzung: <br \/> Ente (81%), Reis (15%), Weizenst\u00e4rke, Glycerin, Sorbitol.<\/p>\n<p>Analytische Bestandteile: Protein 25%  Fettgehalt 6%, Rohasche 2,1%, Rohfaser 0,2%, Feuchtigkeit 18%.<\/p>\n","protected":false},"excerpt":{"rendered":"<p>Erg\u00e4nzungsfuttermittel f\u00fcr Hunde Rice Duck Balls mit viel Ente und ohne Zuckerzusatz sind eine besondere Delikatesse f\u00fcr Ihren Hund und ein optimaler Leckerbissen f\u00fcr zwischendurch. Fleischgehalt 81%, reich an Proteinen. Durch die wieder verschlie\u00dfbare Verpackung bleiben die Snacks besonders lange frisch Inhalt: 80 g Zusammensetzung: Ente (81%), Reis (15%), Weizenst\u00e4rke, Glycerin, Sorbitol. Analytische Bestandteile: Protein [&hellip;]<\/p>\n","protected":false},"featured_media":286,"comment_status":"closed","ping_status":"open","template":"","meta":[],"product_cat":[13809],"product_tag":[],"class_list":{"0":"post-47670","1":"product","2":"type-product","3":"status-publish","4":"has-post-thumbnail","6":"product_cat-trixie","8":"first","9":"instock","10":"taxable","11":"shipping-taxable","12":"purchasable","13":"product-type-simple"},"_links":{"self":[{"href":"https:\/\/all-pets.de\/shop\/wp-json\/wp\/v2\/product\/47670","targetHints":{"allow":["GET"]}}],"collection":[{"href":"https:\/\/all-pets.de\/shop\/wp-json\/wp\/v2\/product"}],"about":[{"href":"https:\/\/all-pets.de\/shop\/wp-json\/wp\/v2\/types\/product"}],"replies":[{"embeddable":true,"href":"https:\/\/all-pets.de\/shop\/wp-json\/wp\/v2\/comments?post=47670"}],"wp:featuredmedia":[{"embeddable":true,"href":"https:\/\/all-pets.de\/shop\/wp-json\/wp\/v2\/media\/286"}],"wp:attachment":[{"href":"https:\/\/all-pets.de\/shop\/wp-json\/wp\/v2\/media?parent=47670"}],"wp:term":[{"taxonomy":"product_cat","embeddable":true,"href":"https:\/\/all-pets.de\/shop\/wp-json\/wp\/v2\/product_cat?post=47670"},{"taxonomy":"product_tag","embeddable":true,"href":"https:\/\/all-pets.de\/shop\/wp-json\/wp\/v2\/product_tag?post=47670"}],"curies":[{"name":"wp","href":"https:\/\/api.w.org\/{rel}","templated":true}]}}