{"id":47673,"date":"2023-12-12T10:55:26","date_gmt":"2023-12-12T09:55:26","guid":{"rendered":"https:\/\/pet-shopping.de\/shop\/produkt\/biokats-deo-pearls-spring-700g\/"},"modified":"2023-12-12T10:55:28","modified_gmt":"2023-12-12T09:55:28","slug":"biokats-deo-pearls-spring-700g","status":"publish","type":"product","link":"https:\/\/all-pets.de\/shop\/produkt\/biokats-deo-pearls-spring-700g\/","title":{"rendered":"Biokats Deo Pearls Spring 700g"},"content":{"rendered":"<div class=\"std\">Mit Deo Pearls Spring erfrischen Sie Ihre Katzentoilette nach Belieben, so oft Sie m\u00f6gen. Tauchen Sie ein in unsere Duftwelten und lassen Sie sich verzaubern von der besonderen Kombination aus frisch geschnittenem Gras und morgendlichen Tautropfen. Frische Kr\u00e4uter, wei\u00dfe Blumen und ein Hauch Moschus erinnern an einen traumhaften Fr\u00fchling. Deo Pearls Spring zeichnen sich durch die AromaProtect Formula\u2122 aus. Diese kapselt zuverl\u00e4ssig unangenehme Ger\u00fcche ein und setzt unseren wohlriechenden Fr\u00fchlingsduft frei. Die von unseren Experten f\u00fcr Katzenhygiene entwickelte Biokat\u2019s AromaProtect Formula\u2122 sorgt dadurch f\u00fcr eine langanhaltende Geruchsbindung! Au\u00dferdem verst\u00e4rken Deo Pearls Spring die Klumpenbildung und erm\u00f6glichen Ihnen somit eine l\u00e4ngere Nutzung der \u00fcblichen Katzenstreu. Dosierungsempfehlung: Nach Belieben gleichm\u00e4\u00dfig \u00fcber die Streu verteilen.<\/div>\n<div class=\"std\"> Hygienemittel f\u00fcr Katzen, a.n.g. <\/div>\n<div class=\"info-list\">\n<ul>\n<li>AromaProtect Formula\u2122 <\/li>\n<li>Aus nat\u00fcrlichem Ton <\/li>\n<li>Feine K\u00f6rnung <\/li>\n<li>Hygiene <\/li>\n<li>Made in Germany <\/li>\n<li>Zusatz f\u00fcr Katzenstreu <\/li>\n<li>Mit Duft <\/li>\n<\/ul>\n<\/div>\n","protected":false},"excerpt":{"rendered":"<p>Mit Deo Pearls Spring erfrischen Sie Ihre Katzentoilette nach Belieben, so oft Sie m\u00f6gen. Tauchen Sie ein in unsere Duftwelten und lassen Sie sich verzaubern von der besonderen Kombination aus frisch geschnittenem Gras und morgendlichen Tautropfen. Frische Kr\u00e4uter, wei\u00dfe Blumen und ein Hauch Moschus erinnern an einen traumhaften Fr\u00fchling. Deo Pearls Spring zeichnen sich durch [&hellip;]<\/p>\n","protected":false},"featured_media":237,"comment_status":"closed","ping_status":"open","template":"","meta":[],"product_cat":[14386],"product_tag":[],"class_list":{"0":"post-47673","1":"product","2":"type-product","3":"status-publish","4":"has-post-thumbnail","6":"product_cat-toiletten-zubehoer-toiletten-katzenstreu-katzenstreukatzenwelt","8":"first","9":"instock","10":"taxable","11":"shipping-taxable","12":"purchasable","13":"product-type-simple"},"_links":{"self":[{"href":"https:\/\/all-pets.de\/shop\/wp-json\/wp\/v2\/product\/47673","targetHints":{"allow":["GET"]}}],"collection":[{"href":"https:\/\/all-pets.de\/shop\/wp-json\/wp\/v2\/product"}],"about":[{"href":"https:\/\/all-pets.de\/shop\/wp-json\/wp\/v2\/types\/product"}],"replies":[{"embeddable":true,"href":"https:\/\/all-pets.de\/shop\/wp-json\/wp\/v2\/comments?post=47673"}],"wp:featuredmedia":[{"embeddable":true,"href":"https:\/\/all-pets.de\/shop\/wp-json\/wp\/v2\/media\/237"}],"wp:attachment":[{"href":"https:\/\/all-pets.de\/shop\/wp-json\/wp\/v2\/media?parent=47673"}],"wp:term":[{"taxonomy":"product_cat","embeddable":true,"href":"https:\/\/all-pets.de\/shop\/wp-json\/wp\/v2\/product_cat?post=47673"},{"taxonomy":"product_tag","embeddable":true,"href":"https:\/\/all-pets.de\/shop\/wp-json\/wp\/v2\/product_tag?post=47673"}],"curies":[{"name":"wp","href":"https:\/\/api.w.org\/{rel}","templated":true}]}}