{"id":47674,"date":"2023-12-12T10:55:26","date_gmt":"2023-12-12T09:55:26","guid":{"rendered":"https:\/\/pet-shopping.de\/shop\/produkt\/trixie-cat-activity-pfoeteldecke-70-x-50-cm\/"},"modified":"2023-12-12T10:55:28","modified_gmt":"2023-12-12T09:55:28","slug":"trixie-cat-activity-pfoeteldecke-70-x-50-cm","status":"publish","type":"product","link":"https:\/\/all-pets.de\/shop\/produkt\/trixie-cat-activity-pfoeteldecke-70-x-50-cm\/","title":{"rendered":"Trixie Cat Activity Pf\u00f6teldecke &#8211; 70 x 50 cm"},"content":{"rendered":"<p>Die Trixie Cat Activity Pf\u00f6teldecke ist ein tolles Besch\u00e4ftigungs- und Intelligenzspielzeug f\u00fcr Katzen jeden Alters und sogar f\u00fcr kranke Katzen.<\/p>\n<p>Die Pf\u00f6teldecke besteht aus Canvas (Baumwolle) und ist im Oberstoff mit L\u00f6chern versehen, die das Herauspf\u00f6teln von versteckten Leckerlies aus den Stofflagen erm\u00f6glichen. Die eingen\u00e4hte Raschelfolie macht das Spiel noch interessanter. Die Decke bietet Ihrem Tier k\u00f6rperliche Besch\u00e4ftigung und geistige Auslastung und schult gleichzeitig die Geschicklichkeit.<\/p>\n<p>Durch einen seitlichen Rei\u00dfverschluss ist die Decke leicht zu reinigen. Reingung bei 30\u00b0 C per Handw\u00e4sche.<\/p>\n<p>Inkl. Anleitung mit Tipps und Tricks f\u00fcr das optimale Training.<\/p>\n<p>Ma\u00dfe: ca. 70 x 50 cm<br \/> Farbe: Braun\/Creme<\/p>\n","protected":false},"excerpt":{"rendered":"<p>Die Trixie Cat Activity Pf\u00f6teldecke ist ein tolles Besch\u00e4ftigungs- und Intelligenzspielzeug f\u00fcr Katzen jeden Alters und sogar f\u00fcr kranke Katzen. Die Pf\u00f6teldecke besteht aus Canvas (Baumwolle) und ist im Oberstoff mit L\u00f6chern versehen, die das Herauspf\u00f6teln von versteckten Leckerlies aus den Stofflagen erm\u00f6glichen. Die eingen\u00e4hte Raschelfolie macht das Spiel noch interessanter. Die Decke bietet Ihrem [&hellip;]<\/p>\n","protected":false},"featured_media":5476,"comment_status":"closed","ping_status":"open","template":"","meta":[],"product_cat":[13782],"product_tag":[],"class_list":{"0":"post-47674","1":"product","2":"type-product","3":"status-publish","4":"has-post-thumbnail","6":"product_cat-intelligenz-spielzeug","8":"first","9":"instock","10":"taxable","11":"shipping-taxable","12":"purchasable","13":"product-type-simple"},"_links":{"self":[{"href":"https:\/\/all-pets.de\/shop\/wp-json\/wp\/v2\/product\/47674","targetHints":{"allow":["GET"]}}],"collection":[{"href":"https:\/\/all-pets.de\/shop\/wp-json\/wp\/v2\/product"}],"about":[{"href":"https:\/\/all-pets.de\/shop\/wp-json\/wp\/v2\/types\/product"}],"replies":[{"embeddable":true,"href":"https:\/\/all-pets.de\/shop\/wp-json\/wp\/v2\/comments?post=47674"}],"wp:featuredmedia":[{"embeddable":true,"href":"https:\/\/all-pets.de\/shop\/wp-json\/wp\/v2\/media\/5476"}],"wp:attachment":[{"href":"https:\/\/all-pets.de\/shop\/wp-json\/wp\/v2\/media?parent=47674"}],"wp:term":[{"taxonomy":"product_cat","embeddable":true,"href":"https:\/\/all-pets.de\/shop\/wp-json\/wp\/v2\/product_cat?post=47674"},{"taxonomy":"product_tag","embeddable":true,"href":"https:\/\/all-pets.de\/shop\/wp-json\/wp\/v2\/product_tag?post=47674"}],"curies":[{"name":"wp","href":"https:\/\/api.w.org\/{rel}","templated":true}]}}