{"id":47677,"date":"2023-12-12T10:55:26","date_gmt":"2023-12-12T09:55:26","guid":{"rendered":"https:\/\/pet-shopping.de\/shop\/produkt\/dogit-doggie-stoggie-mit-tau-27-cm\/"},"modified":"2023-12-12T10:55:28","modified_gmt":"2023-12-12T09:55:28","slug":"dogit-doggie-stoggie-mit-tau-27-cm","status":"publish","type":"product","link":"https:\/\/all-pets.de\/shop\/produkt\/dogit-doggie-stoggie-mit-tau-27-cm\/","title":{"rendered":"DOGIT Doggie Stoggie mit Tau 27 cm"},"content":{"rendered":"<p>Dieses witzige Tau in Form einer Zigarre ist Ideal\u00a0 zum Apportieren und zum Spielen geeignet.<\/p>\n<p><span class=\"b\"><br \/> Mit diesem Baumwoll-Spielzeug machen die Apportierspiele besonders viel Spa\u00df. Der Doggie Stoggie ist in der Form dem nat\u00fcrlichen St\u00f6ckchen nachempfunden. Im Material ist er aber viel sicherer. Hier brauchten Sie sich keine Sorge um splitternde Holzst\u00fcckchen machen. Ihr Hund wird Ihre Apportierspiele mit diesem Hundespielzeug lieben.<\/span> <\/p>\n<p>Gr\u00f6\u00dfe: ca. 27 cm<\/p>\n","protected":false},"excerpt":{"rendered":"<p>Dieses witzige Tau in Form einer Zigarre ist Ideal\u00a0 zum Apportieren und zum Spielen geeignet. Mit diesem Baumwoll-Spielzeug machen die Apportierspiele besonders viel Spa\u00df. Der Doggie Stoggie ist in der Form dem nat\u00fcrlichen St\u00f6ckchen nachempfunden. Im Material ist er aber viel sicherer. Hier brauchten Sie sich keine Sorge um splitternde Holzst\u00fcckchen machen. Ihr Hund wird [&hellip;]<\/p>\n","protected":false},"featured_media":32134,"comment_status":"closed","ping_status":"open","template":"","meta":[],"product_cat":[13822],"product_tag":[],"class_list":{"0":"post-47677","1":"product","2":"type-product","3":"status-publish","4":"has-post-thumbnail","6":"product_cat-hundespielzeug-sport-zahnpflegespielzeughundewelt","8":"first","9":"instock","10":"taxable","11":"shipping-taxable","12":"purchasable","13":"product-type-simple"},"_links":{"self":[{"href":"https:\/\/all-pets.de\/shop\/wp-json\/wp\/v2\/product\/47677","targetHints":{"allow":["GET"]}}],"collection":[{"href":"https:\/\/all-pets.de\/shop\/wp-json\/wp\/v2\/product"}],"about":[{"href":"https:\/\/all-pets.de\/shop\/wp-json\/wp\/v2\/types\/product"}],"replies":[{"embeddable":true,"href":"https:\/\/all-pets.de\/shop\/wp-json\/wp\/v2\/comments?post=47677"}],"wp:featuredmedia":[{"embeddable":true,"href":"https:\/\/all-pets.de\/shop\/wp-json\/wp\/v2\/media\/32134"}],"wp:attachment":[{"href":"https:\/\/all-pets.de\/shop\/wp-json\/wp\/v2\/media?parent=47677"}],"wp:term":[{"taxonomy":"product_cat","embeddable":true,"href":"https:\/\/all-pets.de\/shop\/wp-json\/wp\/v2\/product_cat?post=47677"},{"taxonomy":"product_tag","embeddable":true,"href":"https:\/\/all-pets.de\/shop\/wp-json\/wp\/v2\/product_tag?post=47677"}],"curies":[{"name":"wp","href":"https:\/\/api.w.org\/{rel}","templated":true}]}}