{"id":47678,"date":"2023-12-12T10:55:26","date_gmt":"2023-12-12T09:55:26","guid":{"rendered":"https:\/\/pet-shopping.de\/shop\/produkt\/karlie-flamingo-nistroehre-cotton\/"},"modified":"2023-12-12T10:55:28","modified_gmt":"2023-12-12T09:55:28","slug":"karlie-flamingo-nistroehre-cotton","status":"publish","type":"product","link":"https:\/\/all-pets.de\/shop\/produkt\/karlie-flamingo-nistroehre-cotton\/","title":{"rendered":"Karlie Flamingo Nistr\u00f6hre Cotton"},"content":{"rendered":"<p>Bei den Nistr\u00f6hren Cotton handelt es sich um R\u00f6hren, die mit Nistmaterial bef\u00fcllt sind und Ihrem Kleinnager so Versteck und Besch\u00e4ftigung bieten. 100% verdaulich!<\/p>\n<p>Geeignet f\u00fcr Kleinnager, wie Hamster und M\u00e4use. <\/p>\n<p>Gr\u00f6\u00dfe: ca. 18 x 7 cm (L\u00e4nge x Durchmesser)<br \/> 25 g<\/p>\n<p> Diverse Farben. Eine Farbwahl ist leider nicht m\u00f6glich, da die Farbe je nach Lagerbestand gew\u00e4hlt wird.<br \/> Lieferumfang: eine R\u00f6hre gef\u00fcllt mit Baumwoll-Nistmaterial.<\/p>\n","protected":false},"excerpt":{"rendered":"<p>Bei den Nistr\u00f6hren Cotton handelt es sich um R\u00f6hren, die mit Nistmaterial bef\u00fcllt sind und Ihrem Kleinnager so Versteck und Besch\u00e4ftigung bieten. 100% verdaulich! Geeignet f\u00fcr Kleinnager, wie Hamster und M\u00e4use. Gr\u00f6\u00dfe: ca. 18 x 7 cm (L\u00e4nge x Durchmesser) 25 g Diverse Farben. Eine Farbwahl ist leider nicht m\u00f6glich, da die Farbe je nach [&hellip;]<\/p>\n","protected":false},"featured_media":23347,"comment_status":"closed","ping_status":"open","template":"","meta":[],"product_cat":[14777],"product_tag":[],"class_list":{"0":"post-47678","1":"product","2":"type-product","3":"status-publish","4":"has-post-thumbnail","6":"product_cat-tunnel-hoehlen-bruecken-ausstattung-zubehoer-einstreu-nistmaterialkleintierwelt","8":"first","9":"instock","10":"taxable","11":"shipping-taxable","12":"purchasable","13":"product-type-simple"},"_links":{"self":[{"href":"https:\/\/all-pets.de\/shop\/wp-json\/wp\/v2\/product\/47678","targetHints":{"allow":["GET"]}}],"collection":[{"href":"https:\/\/all-pets.de\/shop\/wp-json\/wp\/v2\/product"}],"about":[{"href":"https:\/\/all-pets.de\/shop\/wp-json\/wp\/v2\/types\/product"}],"replies":[{"embeddable":true,"href":"https:\/\/all-pets.de\/shop\/wp-json\/wp\/v2\/comments?post=47678"}],"wp:featuredmedia":[{"embeddable":true,"href":"https:\/\/all-pets.de\/shop\/wp-json\/wp\/v2\/media\/23347"}],"wp:attachment":[{"href":"https:\/\/all-pets.de\/shop\/wp-json\/wp\/v2\/media?parent=47678"}],"wp:term":[{"taxonomy":"product_cat","embeddable":true,"href":"https:\/\/all-pets.de\/shop\/wp-json\/wp\/v2\/product_cat?post=47678"},{"taxonomy":"product_tag","embeddable":true,"href":"https:\/\/all-pets.de\/shop\/wp-json\/wp\/v2\/product_tag?post=47678"}],"curies":[{"name":"wp","href":"https:\/\/api.w.org\/{rel}","templated":true}]}}