{"id":47679,"date":"2023-12-12T10:55:29","date_gmt":"2023-12-12T09:55:29","guid":{"rendered":"https:\/\/pet-shopping.de\/shop\/produkt\/living-world-pfahlhaus\/"},"modified":"2023-12-12T10:55:29","modified_gmt":"2023-12-12T09:55:29","slug":"living-world-pfahlhaus","status":"publish","type":"product","link":"https:\/\/all-pets.de\/shop\/produkt\/living-world-pfahlhaus\/","title":{"rendered":"Living World Pfahlhaus"},"content":{"rendered":"<p>Dieses Nagerhaus ist das ideale Versteck- und Schlafh\u00e4uschen f\u00fcr Ihren Kleinnager.<\/p>\n<p>Durch die zwei Ein- bzw. Ausg\u00e4nge eignet es sich auch ideal f\u00fcr die Gruppenhaltung von M\u00e4usen.<\/p>\n<p>Die Farben sind ungiftig, abrieb- und wasserfest. Die stabilen Nagerh\u00e4user k\u00f6nnen dadurch ohne weiteres im Sommer und den angrenzenden Jahreszeiten im Freien stehen.<\/p>\n<p>Geeignet f\u00fcr M\u00e4use, Zwerghamster und \u00e4hnlich gro\u00dfe Nager. <\/p>\n<p>Material: Fichte\/Kiefer<\/p>\n<p>Gr\u00f6\u00dfe: ca.\u00a0 17 x 18 x 22,5 cm<\/p>\n<p><\/p>\n","protected":false},"excerpt":{"rendered":"<p>Dieses Nagerhaus ist das ideale Versteck- und Schlafh\u00e4uschen f\u00fcr Ihren Kleinnager. Durch die zwei Ein- bzw. Ausg\u00e4nge eignet es sich auch ideal f\u00fcr die Gruppenhaltung von M\u00e4usen. Die Farben sind ungiftig, abrieb- und wasserfest. Die stabilen Nagerh\u00e4user k\u00f6nnen dadurch ohne weiteres im Sommer und den angrenzenden Jahreszeiten im Freien stehen. Geeignet f\u00fcr M\u00e4use, Zwerghamster und [&hellip;]<\/p>\n","protected":false},"featured_media":17060,"comment_status":"closed","ping_status":"open","template":"","meta":[],"product_cat":[13693],"product_tag":[],"class_list":{"0":"post-47679","1":"product","2":"type-product","3":"status-publish","4":"has-post-thumbnail","6":"product_cat-holzhaeuser","8":"first","9":"instock","10":"taxable","11":"shipping-taxable","12":"purchasable","13":"product-type-simple"},"_links":{"self":[{"href":"https:\/\/all-pets.de\/shop\/wp-json\/wp\/v2\/product\/47679","targetHints":{"allow":["GET"]}}],"collection":[{"href":"https:\/\/all-pets.de\/shop\/wp-json\/wp\/v2\/product"}],"about":[{"href":"https:\/\/all-pets.de\/shop\/wp-json\/wp\/v2\/types\/product"}],"replies":[{"embeddable":true,"href":"https:\/\/all-pets.de\/shop\/wp-json\/wp\/v2\/comments?post=47679"}],"wp:featuredmedia":[{"embeddable":true,"href":"https:\/\/all-pets.de\/shop\/wp-json\/wp\/v2\/media\/17060"}],"wp:attachment":[{"href":"https:\/\/all-pets.de\/shop\/wp-json\/wp\/v2\/media?parent=47679"}],"wp:term":[{"taxonomy":"product_cat","embeddable":true,"href":"https:\/\/all-pets.de\/shop\/wp-json\/wp\/v2\/product_cat?post=47679"},{"taxonomy":"product_tag","embeddable":true,"href":"https:\/\/all-pets.de\/shop\/wp-json\/wp\/v2\/product_tag?post=47679"}],"curies":[{"name":"wp","href":"https:\/\/api.w.org\/{rel}","templated":true}]}}