{"id":47682,"date":"2023-12-12T10:55:29","date_gmt":"2023-12-12T09:55:29","guid":{"rendered":"https:\/\/pet-shopping.de\/shop\/produkt\/trixie-soft-snack-kitty-stars-140g\/"},"modified":"2023-12-12T10:55:30","modified_gmt":"2023-12-12T09:55:30","slug":"trixie-soft-snack-kitty-stars-140g","status":"publish","type":"product","link":"https:\/\/all-pets.de\/shop\/produkt\/trixie-soft-snack-kitty-stars-140g\/","title":{"rendered":"Trixie Soft Snack Kitty Stars &#8211; 140g"},"content":{"rendered":"<p>Erg\u00e4nzungsfuttermittel f\u00fcr Katzen<\/p>\n<p>Die Soft Snack Kitty Stars mit Lachs und Lamm sind ein leckerer Snack f\u00fcr zwischendurch und eignen sich ideal als kleine Belohnung.<\/p>\n<p>Die Kitty Stars sind ohne Zuckerzusatz und werden in der praktischen wieder verschlie\u00dfbaren Kunststoffdose geliefert.<\/p>\n<p>Inhalt: 140 g<\/p>\n<p>Zusammensetzung: <br \/> mit Lachs: Getreide, Fleisch und tierische Nebenerzeugnisse, pflanzliche Nebenerzeugnisse, \u00d6le und Fette (3% Lachs\u00f6l), pflanzliche Eiwei\u00dfextrakte, Mineralstoffe.<\/p>\n<p>mit Lamm: Getreide, Fleisch und tierische Nebenerzeugnisse (4% Lamm), pflanzliche Nebenerzeugnisse, \u00d6le und Fette, pflanzliche Eiwei\u00dfextrakte, Mineralstoffe.<\/p>\n<p>Analytische Bestandteile: Protein 18%  Fettgehalt 5%, Rohasche 3,5%, Rohfaser 1,5%, Feuchtigkeit 20%.<\/p>\n","protected":false},"excerpt":{"rendered":"<p>Erg\u00e4nzungsfuttermittel f\u00fcr Katzen Die Soft Snack Kitty Stars mit Lachs und Lamm sind ein leckerer Snack f\u00fcr zwischendurch und eignen sich ideal als kleine Belohnung. Die Kitty Stars sind ohne Zuckerzusatz und werden in der praktischen wieder verschlie\u00dfbaren Kunststoffdose geliefert. Inhalt: 140 g Zusammensetzung: mit Lachs: Getreide, Fleisch und tierische Nebenerzeugnisse, pflanzliche Nebenerzeugnisse, \u00d6le und [&hellip;]<\/p>\n","protected":false},"featured_media":294,"comment_status":"closed","ping_status":"open","template":"","meta":[],"product_cat":[14070],"product_tag":[],"class_list":{"0":"post-47682","1":"product","2":"type-product","3":"status-publish","4":"has-post-thumbnail","6":"product_cat-trixie-katzensnacks","8":"first","9":"instock","10":"taxable","11":"shipping-taxable","12":"purchasable","13":"product-type-simple"},"_links":{"self":[{"href":"https:\/\/all-pets.de\/shop\/wp-json\/wp\/v2\/product\/47682","targetHints":{"allow":["GET"]}}],"collection":[{"href":"https:\/\/all-pets.de\/shop\/wp-json\/wp\/v2\/product"}],"about":[{"href":"https:\/\/all-pets.de\/shop\/wp-json\/wp\/v2\/types\/product"}],"replies":[{"embeddable":true,"href":"https:\/\/all-pets.de\/shop\/wp-json\/wp\/v2\/comments?post=47682"}],"wp:featuredmedia":[{"embeddable":true,"href":"https:\/\/all-pets.de\/shop\/wp-json\/wp\/v2\/media\/294"}],"wp:attachment":[{"href":"https:\/\/all-pets.de\/shop\/wp-json\/wp\/v2\/media?parent=47682"}],"wp:term":[{"taxonomy":"product_cat","embeddable":true,"href":"https:\/\/all-pets.de\/shop\/wp-json\/wp\/v2\/product_cat?post=47682"},{"taxonomy":"product_tag","embeddable":true,"href":"https:\/\/all-pets.de\/shop\/wp-json\/wp\/v2\/product_tag?post=47682"}],"curies":[{"name":"wp","href":"https:\/\/api.w.org\/{rel}","templated":true}]}}