{"id":47683,"date":"2023-12-12T10:55:29","date_gmt":"2023-12-12T09:55:29","guid":{"rendered":"https:\/\/pet-shopping.de\/shop\/produkt\/trixie-premio-chicken-pasta-100g\/"},"modified":"2023-12-12T10:55:30","modified_gmt":"2023-12-12T09:55:30","slug":"trixie-premio-chicken-pasta-100g","status":"publish","type":"product","link":"https:\/\/all-pets.de\/shop\/produkt\/trixie-premio-chicken-pasta-100g\/","title":{"rendered":"Trixie Premio Chicken Pasta &#8211; 100g"},"content":{"rendered":"<p>Erg\u00e4nzungsfuttermittel f\u00fcr HUnde<\/p>\n<p>Chicken Pasta mit H\u00fchnchen und Fisch (Fleischgehalt 36 %, Fischgehalt 8 %) ist ein fetarmer Leckerbissen ohne Zuckerzusatz. Durch die wieder verschlie\u00dfbare Verpackung bleiben die Snacks besonders lange frisch<\/p>\n<p>Inhalt: 100 g<\/p>\n<p>Zusammensetzung: <br \/> H\u00fchnchenfleisch (36,5%), H\u00fchnerleber (8,9%), Fisch (8,1%), Kartoffelst\u00e4rke, Glycerin, Propylenglykol, pflanzliche Eiwei\u00dfextrakte, \u00d6le und Fette (rein pflanzlich), Zucker, Knoblauchpulver, Salz.<\/p>\n<p>Analytische Bestandteile: Protein 28%  Fettgehalt 1%, Rohasche 3%, Rohfaser 1%, Feuchtigkeit 30%.<\/p>\n<p>Technologische Zusatzstoffe: Farbstoffe. <\/p>\n","protected":false},"excerpt":{"rendered":"<p>Erg\u00e4nzungsfuttermittel f\u00fcr HUnde Chicken Pasta mit H\u00fchnchen und Fisch (Fleischgehalt 36 %, Fischgehalt 8 %) ist ein fetarmer Leckerbissen ohne Zuckerzusatz. Durch die wieder verschlie\u00dfbare Verpackung bleiben die Snacks besonders lange frisch Inhalt: 100 g Zusammensetzung: H\u00fchnchenfleisch (36,5%), H\u00fchnerleber (8,9%), Fisch (8,1%), Kartoffelst\u00e4rke, Glycerin, Propylenglykol, pflanzliche Eiwei\u00dfextrakte, \u00d6le und Fette (rein pflanzlich), Zucker, Knoblauchpulver, Salz. [&hellip;]<\/p>\n","protected":false},"featured_media":288,"comment_status":"closed","ping_status":"open","template":"","meta":[],"product_cat":[13809],"product_tag":[],"class_list":{"0":"post-47683","1":"product","2":"type-product","3":"status-publish","4":"has-post-thumbnail","6":"product_cat-trixie","8":"first","9":"instock","10":"taxable","11":"shipping-taxable","12":"purchasable","13":"product-type-simple"},"_links":{"self":[{"href":"https:\/\/all-pets.de\/shop\/wp-json\/wp\/v2\/product\/47683","targetHints":{"allow":["GET"]}}],"collection":[{"href":"https:\/\/all-pets.de\/shop\/wp-json\/wp\/v2\/product"}],"about":[{"href":"https:\/\/all-pets.de\/shop\/wp-json\/wp\/v2\/types\/product"}],"replies":[{"embeddable":true,"href":"https:\/\/all-pets.de\/shop\/wp-json\/wp\/v2\/comments?post=47683"}],"wp:featuredmedia":[{"embeddable":true,"href":"https:\/\/all-pets.de\/shop\/wp-json\/wp\/v2\/media\/288"}],"wp:attachment":[{"href":"https:\/\/all-pets.de\/shop\/wp-json\/wp\/v2\/media?parent=47683"}],"wp:term":[{"taxonomy":"product_cat","embeddable":true,"href":"https:\/\/all-pets.de\/shop\/wp-json\/wp\/v2\/product_cat?post=47683"},{"taxonomy":"product_tag","embeddable":true,"href":"https:\/\/all-pets.de\/shop\/wp-json\/wp\/v2\/product_tag?post=47683"}],"curies":[{"name":"wp","href":"https:\/\/api.w.org\/{rel}","templated":true}]}}