{"id":47689,"date":"2023-12-12T10:55:29","date_gmt":"2023-12-12T09:55:29","guid":{"rendered":"https:\/\/pet-shopping.de\/shop\/produkt\/trixie-sandbad-fuer-chinchillas-und-degus\/"},"modified":"2023-12-12T10:55:30","modified_gmt":"2023-12-12T09:55:30","slug":"trixie-sandbad-fuer-chinchillas-und-degus","status":"publish","type":"product","link":"https:\/\/all-pets.de\/shop\/produkt\/trixie-sandbad-fuer-chinchillas-und-degus\/","title":{"rendered":"Trixie Sandbad f\u00fcr Chinchillas und Degus"},"content":{"rendered":"<p>Ein Sandbad dient Nagern zur Krallen- und K\u00f6rperpflege und sorgt f\u00fcr ein geschmeidiges Fell. <\/p>\n<p>Vorallem ist es aber ein wichtiges Zubeh\u00f6r, um seinem Nager eine tiergerechte Umgebung zu schaffen.<\/p>\n<p>Das Sandbad besteht aus Kunststoff und eignet sich z.B. f\u00fcr Chinchillas und Degus.<\/p>\n<p>Ma\u00dfe: ca. 27 x 18 x 16 cm <br \/> Eine Farbwahl ist leider nicht m\u00f6glich, da die Farbe je nach Lagerbestand gew\u00e4hlt wird.<\/p>\n<p>Lieferung erfolgt ohne Sand.<\/p>\n","protected":false},"excerpt":{"rendered":"<p>Ein Sandbad dient Nagern zur Krallen- und K\u00f6rperpflege und sorgt f\u00fcr ein geschmeidiges Fell. Vorallem ist es aber ein wichtiges Zubeh\u00f6r, um seinem Nager eine tiergerechte Umgebung zu schaffen. Das Sandbad besteht aus Kunststoff und eignet sich z.B. f\u00fcr Chinchillas und Degus. Ma\u00dfe: ca. 27 x 18 x 16 cm Eine Farbwahl ist leider nicht [&hellip;]<\/p>\n","protected":false},"featured_media":33558,"comment_status":"closed","ping_status":"open","template":"","meta":[],"product_cat":[14776],"product_tag":[],"class_list":{"0":"post-47689","1":"product","2":"type-product","3":"status-publish","4":"has-post-thumbnail","6":"product_cat-sandbadehaeuser","8":"first","9":"instock","10":"taxable","11":"shipping-taxable","12":"purchasable","13":"product-type-simple"},"_links":{"self":[{"href":"https:\/\/all-pets.de\/shop\/wp-json\/wp\/v2\/product\/47689","targetHints":{"allow":["GET"]}}],"collection":[{"href":"https:\/\/all-pets.de\/shop\/wp-json\/wp\/v2\/product"}],"about":[{"href":"https:\/\/all-pets.de\/shop\/wp-json\/wp\/v2\/types\/product"}],"replies":[{"embeddable":true,"href":"https:\/\/all-pets.de\/shop\/wp-json\/wp\/v2\/comments?post=47689"}],"wp:featuredmedia":[{"embeddable":true,"href":"https:\/\/all-pets.de\/shop\/wp-json\/wp\/v2\/media\/33558"}],"wp:attachment":[{"href":"https:\/\/all-pets.de\/shop\/wp-json\/wp\/v2\/media?parent=47689"}],"wp:term":[{"taxonomy":"product_cat","embeddable":true,"href":"https:\/\/all-pets.de\/shop\/wp-json\/wp\/v2\/product_cat?post=47689"},{"taxonomy":"product_tag","embeddable":true,"href":"https:\/\/all-pets.de\/shop\/wp-json\/wp\/v2\/product_tag?post=47689"}],"curies":[{"name":"wp","href":"https:\/\/api.w.org\/{rel}","templated":true}]}}