{"id":47696,"date":"2023-12-12T10:55:29","date_gmt":"2023-12-12T09:55:29","guid":{"rendered":"https:\/\/pet-shopping.de\/shop\/produkt\/karlie-flamingo-borsten-und-zupfbuerste-2-in-1\/"},"modified":"2023-12-12T10:55:31","modified_gmt":"2023-12-12T09:55:31","slug":"karlie-flamingo-borsten-und-zupfbuerste-2-in-1","status":"publish","type":"product","link":"https:\/\/all-pets.de\/shop\/produkt\/karlie-flamingo-borsten-und-zupfbuerste-2-in-1\/","title":{"rendered":"Karlie Flamingo Borsten- und Zupfb\u00fcrste 2 in 1"},"content":{"rendered":"<p>Die Professional Borsten- und Zupfb\u00fcrste 2 in 1 von Karlie Flamingo ist auf der Vorderseite mit Borsten best\u00fcckt und auf der R\u00fcckseite eine Zupfb\u00fcrste. <\/p>\n<p>Die Borstenb\u00fcrste verleiht dem Fell ein strahlend gl\u00e4nzendes Aussehen, die Zupfb\u00fcrste entfernt schonend Staub und Schmutz, sowie lose Haare und Unterwolle. <\/p>\n<p>Die B\u00fcrste ist mit einem ergonomisch geformten Anti-Rutsch- Softgriff ausgestattet und ist somit das ideale Equipment f\u00fcr eine optimale Fellpflege.<\/p>\n<p>Ma\u00dfe: ca. 22,5 x 6,5 x 6 cm (LxBxH)<\/p>\n","protected":false},"excerpt":{"rendered":"<p>Die Professional Borsten- und Zupfb\u00fcrste 2 in 1 von Karlie Flamingo ist auf der Vorderseite mit Borsten best\u00fcckt und auf der R\u00fcckseite eine Zupfb\u00fcrste. Die Borstenb\u00fcrste verleiht dem Fell ein strahlend gl\u00e4nzendes Aussehen, die Zupfb\u00fcrste entfernt schonend Staub und Schmutz, sowie lose Haare und Unterwolle. Die B\u00fcrste ist mit einem ergonomisch geformten Anti-Rutsch- Softgriff ausgestattet [&hellip;]<\/p>\n","protected":false},"featured_media":27404,"comment_status":"closed","ping_status":"open","template":"","meta":[],"product_cat":[14112],"product_tag":[],"class_list":{"0":"post-47696","1":"product","2":"type-product","3":"status-publish","4":"has-post-thumbnail","6":"product_cat-hundebuersten-striegel-fellpflege-pflege-gesundheit-hundewelt","8":"first","9":"instock","10":"taxable","11":"shipping-taxable","12":"purchasable","13":"product-type-simple"},"_links":{"self":[{"href":"https:\/\/all-pets.de\/shop\/wp-json\/wp\/v2\/product\/47696","targetHints":{"allow":["GET"]}}],"collection":[{"href":"https:\/\/all-pets.de\/shop\/wp-json\/wp\/v2\/product"}],"about":[{"href":"https:\/\/all-pets.de\/shop\/wp-json\/wp\/v2\/types\/product"}],"replies":[{"embeddable":true,"href":"https:\/\/all-pets.de\/shop\/wp-json\/wp\/v2\/comments?post=47696"}],"wp:featuredmedia":[{"embeddable":true,"href":"https:\/\/all-pets.de\/shop\/wp-json\/wp\/v2\/media\/27404"}],"wp:attachment":[{"href":"https:\/\/all-pets.de\/shop\/wp-json\/wp\/v2\/media?parent=47696"}],"wp:term":[{"taxonomy":"product_cat","embeddable":true,"href":"https:\/\/all-pets.de\/shop\/wp-json\/wp\/v2\/product_cat?post=47696"},{"taxonomy":"product_tag","embeddable":true,"href":"https:\/\/all-pets.de\/shop\/wp-json\/wp\/v2\/product_tag?post=47696"}],"curies":[{"name":"wp","href":"https:\/\/api.w.org\/{rel}","templated":true}]}}