{"id":47701,"date":"2023-12-12T10:55:32","date_gmt":"2023-12-12T09:55:32","guid":{"rendered":"https:\/\/pet-shopping.de\/shop\/produkt\/nerf-dog-rubber-flyer\/"},"modified":"2023-12-12T10:55:33","modified_gmt":"2023-12-12T09:55:33","slug":"nerf-dog-rubber-flyer","status":"publish","type":"product","link":"https:\/\/all-pets.de\/shop\/produkt\/nerf-dog-rubber-flyer\/","title":{"rendered":"NERF DOG Rubber Flyer"},"content":{"rendered":"<p>NERF DOG Gummi-Frisbee<\/p>\n<p>Die NERF DOG Hundespielzeuge vereinen optimales und funktionelles Design mit speziellen Materialien, die eine intensive Nutzung \u00fcber einen langen Zeitraum erlauben. Dabei stellen unter anderem eine F\u00fcllung aus Polycotton, Naturkautschuk und 3-fache Nylonn\u00e4hte stundenlangen Spa\u00df mit einem Qualit\u00e4tsspielzeug sicher<\/p>\n<p>Gr\u00f6\u00dfe: ca. 22,9 cm<\/p>\n<p>Farbe: Diverse Farben<\/p>\n<p><font size=\"1\">(Eine Farbwahl ist leider nicht m\u00f6glich. Die Farbe wird je nach Lagerbestand gew\u00e4hl<\/font><\/p>\n","protected":false},"excerpt":{"rendered":"<p>NERF DOG Gummi-Frisbee Die NERF DOG Hundespielzeuge vereinen optimales und funktionelles Design mit speziellen Materialien, die eine intensive Nutzung \u00fcber einen langen Zeitraum erlauben. Dabei stellen unter anderem eine F\u00fcllung aus Polycotton, Naturkautschuk und 3-fache Nylonn\u00e4hte stundenlangen Spa\u00df mit einem Qualit\u00e4tsspielzeug sicher Gr\u00f6\u00dfe: ca. 22,9 cm Farbe: Diverse Farben (Eine Farbwahl ist leider nicht m\u00f6glich. [&hellip;]<\/p>\n","protected":false},"featured_media":16140,"comment_status":"closed","ping_status":"open","template":"","meta":[],"product_cat":[14705],"product_tag":[],"class_list":{"0":"post-47701","1":"product","2":"type-product","3":"status-publish","4":"has-post-thumbnail","6":"product_cat-hundewurfspielzeug-hundespielzeug-sport-hundespielzeug-sporthundewelt","8":"first","9":"instock","10":"taxable","11":"shipping-taxable","12":"purchasable","13":"product-type-simple"},"_links":{"self":[{"href":"https:\/\/all-pets.de\/shop\/wp-json\/wp\/v2\/product\/47701","targetHints":{"allow":["GET"]}}],"collection":[{"href":"https:\/\/all-pets.de\/shop\/wp-json\/wp\/v2\/product"}],"about":[{"href":"https:\/\/all-pets.de\/shop\/wp-json\/wp\/v2\/types\/product"}],"replies":[{"embeddable":true,"href":"https:\/\/all-pets.de\/shop\/wp-json\/wp\/v2\/comments?post=47701"}],"wp:featuredmedia":[{"embeddable":true,"href":"https:\/\/all-pets.de\/shop\/wp-json\/wp\/v2\/media\/16140"}],"wp:attachment":[{"href":"https:\/\/all-pets.de\/shop\/wp-json\/wp\/v2\/media?parent=47701"}],"wp:term":[{"taxonomy":"product_cat","embeddable":true,"href":"https:\/\/all-pets.de\/shop\/wp-json\/wp\/v2\/product_cat?post=47701"},{"taxonomy":"product_tag","embeddable":true,"href":"https:\/\/all-pets.de\/shop\/wp-json\/wp\/v2\/product_tag?post=47701"}],"curies":[{"name":"wp","href":"https:\/\/api.w.org\/{rel}","templated":true}]}}