{"id":47704,"date":"2023-12-12T10:55:32","date_gmt":"2023-12-12T09:55:32","guid":{"rendered":"https:\/\/pet-shopping.de\/shop\/produkt\/trixie-my-prince-kuschelhoehle\/"},"modified":"2023-12-12T10:55:33","modified_gmt":"2023-12-12T09:55:33","slug":"trixie-my-prince-kuschelhoehle","status":"publish","type":"product","link":"https:\/\/all-pets.de\/shop\/produkt\/trixie-my-prince-kuschelhoehle\/","title":{"rendered":"Trixie My Prince Kuschelh\u00f6hle"},"content":{"rendered":"<p>\u00dcber die edle My Prince-Kollektion designed by Maja Prinzessin von Hohenzollern d\u00fcrfen sich nun auch Kleintiere und Nager freuen.<\/p>\n<p>Die Kuschelh\u00f6hle zum Einh\u00e4ngen in den K\u00e4fig ist mit einem Kurzhaar-Pl\u00fcsch-Bezug und einer Schaumstoff-F\u00fcllung ausgestattet. Die edle My Prince-Stickerei und die dekorative Zierkordel macht die Prinzen-Residenz perfekt.<\/p>\n<p>Bei 30\u00b0 C per Handw\u00e4sche zu reinigen. Geeignet z.B. f\u00fcr M\u00e4use und Hamster.<\/p>\n<p>Ma\u00dfe: ca. 9 x 12 x 16 cm<br \/> Farbe: Grau<\/p>\n<p>Mit dem Kauf von Artikeln aus der Produktreihe von Maja Prinzessin von Hohenzollern unterst\u00fctzen Sie zu einem kleinen Anteil ein Tierschutzprojekt. Mehr Informationen hierzu finden Sie auf www.prinzessin-von-hohenzollern.trixie.de \u00a0<\/p>\n","protected":false},"excerpt":{"rendered":"<p>\u00dcber die edle My Prince-Kollektion designed by Maja Prinzessin von Hohenzollern d\u00fcrfen sich nun auch Kleintiere und Nager freuen. Die Kuschelh\u00f6hle zum Einh\u00e4ngen in den K\u00e4fig ist mit einem Kurzhaar-Pl\u00fcsch-Bezug und einer Schaumstoff-F\u00fcllung ausgestattet. Die edle My Prince-Stickerei und die dekorative Zierkordel macht die Prinzen-Residenz perfekt. Bei 30\u00b0 C per Handw\u00e4sche zu reinigen. Geeignet z.B. [&hellip;]<\/p>\n","protected":false},"featured_media":36495,"comment_status":"closed","ping_status":"open","template":"","meta":[],"product_cat":[13841],"product_tag":[],"class_list":{"0":"post-47704","1":"product","2":"type-product","3":"status-publish","4":"has-post-thumbnail","6":"product_cat-betten-haengematten","8":"first","9":"instock","10":"taxable","11":"shipping-taxable","12":"purchasable","13":"product-type-simple"},"_links":{"self":[{"href":"https:\/\/all-pets.de\/shop\/wp-json\/wp\/v2\/product\/47704","targetHints":{"allow":["GET"]}}],"collection":[{"href":"https:\/\/all-pets.de\/shop\/wp-json\/wp\/v2\/product"}],"about":[{"href":"https:\/\/all-pets.de\/shop\/wp-json\/wp\/v2\/types\/product"}],"replies":[{"embeddable":true,"href":"https:\/\/all-pets.de\/shop\/wp-json\/wp\/v2\/comments?post=47704"}],"wp:featuredmedia":[{"embeddable":true,"href":"https:\/\/all-pets.de\/shop\/wp-json\/wp\/v2\/media\/36495"}],"wp:attachment":[{"href":"https:\/\/all-pets.de\/shop\/wp-json\/wp\/v2\/media?parent=47704"}],"wp:term":[{"taxonomy":"product_cat","embeddable":true,"href":"https:\/\/all-pets.de\/shop\/wp-json\/wp\/v2\/product_cat?post=47704"},{"taxonomy":"product_tag","embeddable":true,"href":"https:\/\/all-pets.de\/shop\/wp-json\/wp\/v2\/product_tag?post=47704"}],"curies":[{"name":"wp","href":"https:\/\/api.w.org\/{rel}","templated":true}]}}