{"id":47708,"date":"2023-12-12T10:55:32","date_gmt":"2023-12-12T09:55:32","guid":{"rendered":"https:\/\/pet-shopping.de\/shop\/produkt\/karlie-flamingo-universalhalter-3-stueck\/"},"modified":"2023-12-12T10:55:33","modified_gmt":"2023-12-12T09:55:33","slug":"karlie-flamingo-universalhalter-3-stueck","status":"publish","type":"product","link":"https:\/\/all-pets.de\/shop\/produkt\/karlie-flamingo-universalhalter-3-stueck\/","title":{"rendered":"Karlie Flamingo Universalhalter &#8211; 3 St\u00fcck"},"content":{"rendered":"<p>3 vielseitig einsetzbare Universalhalter f\u00fcr Futter und Leckereien. Zur einfachen Befestigung in Nager- oder Vogelk\u00e4figen. Aus Kunststoff.<\/p>\n<p>Diverse Farben. Eine Farbwahl ist leider nicht m\u00f6glich, da die Farbe je nach Lagerbestand gew\u00e4hlt wird.<\/p>\n<p>Ohne abgebildetes Futter.<\/p>\n","protected":false},"excerpt":{"rendered":"<p>3 vielseitig einsetzbare Universalhalter f\u00fcr Futter und Leckereien. Zur einfachen Befestigung in Nager- oder Vogelk\u00e4figen. Aus Kunststoff. Diverse Farben. Eine Farbwahl ist leider nicht m\u00f6glich, da die Farbe je nach Lagerbestand gew\u00e4hlt wird. Ohne abgebildetes Futter.<\/p>\n","protected":false},"featured_media":442,"comment_status":"closed","ping_status":"open","template":"","meta":[],"product_cat":[14786],"product_tag":[],"class_list":{"0":"post-47708","1":"product","2":"type-product","3":"status-publish","4":"has-post-thumbnail","6":"product_cat-futterhalter-spender-ausstattung-zubehoer-vogelnaepfe-vogeltraenkenkleintierwelt","8":"first","9":"instock","10":"taxable","11":"shipping-taxable","12":"purchasable","13":"product-type-simple"},"_links":{"self":[{"href":"https:\/\/all-pets.de\/shop\/wp-json\/wp\/v2\/product\/47708","targetHints":{"allow":["GET"]}}],"collection":[{"href":"https:\/\/all-pets.de\/shop\/wp-json\/wp\/v2\/product"}],"about":[{"href":"https:\/\/all-pets.de\/shop\/wp-json\/wp\/v2\/types\/product"}],"replies":[{"embeddable":true,"href":"https:\/\/all-pets.de\/shop\/wp-json\/wp\/v2\/comments?post=47708"}],"wp:featuredmedia":[{"embeddable":true,"href":"https:\/\/all-pets.de\/shop\/wp-json\/wp\/v2\/media\/442"}],"wp:attachment":[{"href":"https:\/\/all-pets.de\/shop\/wp-json\/wp\/v2\/media?parent=47708"}],"wp:term":[{"taxonomy":"product_cat","embeddable":true,"href":"https:\/\/all-pets.de\/shop\/wp-json\/wp\/v2\/product_cat?post=47708"},{"taxonomy":"product_tag","embeddable":true,"href":"https:\/\/all-pets.de\/shop\/wp-json\/wp\/v2\/product_tag?post=47708"}],"curies":[{"name":"wp","href":"https:\/\/api.w.org\/{rel}","templated":true}]}}