{"id":47709,"date":"2023-12-12T10:55:32","date_gmt":"2023-12-12T09:55:32","guid":{"rendered":"https:\/\/pet-shopping.de\/shop\/produkt\/trixie-kratzbaum-marcela\/"},"modified":"2023-12-12T10:55:33","modified_gmt":"2023-12-12T09:55:33","slug":"trixie-kratzbaum-marcela","status":"publish","type":"product","link":"https:\/\/all-pets.de\/shop\/produkt\/trixie-kratzbaum-marcela\/","title":{"rendered":"Trixie Kratzbaum Marcela"},"content":{"rendered":"<div class=\"itemDescriptions\">\n<ul>\n<li>mit Pl\u00fcsch-Bezug<\/li>\n<li>St\u00e4mme mit Pl\u00fcschkappen und Natursisal umwickelt<\/li>\n<li>gepolsterte Bodenplatte<\/li>\n<li>gepolsterte Liegeplatte mit abnehmbarem Kuschelbett <\/li>\n<li>Kuschelbett: Handw\u00e4sche<\/li>\n<li>mit Tau<\/li>\n<li>mit Spielzeug am Band<\/li>\n<li>Farbe: grau<\/li>\n<li>Grundfl\u00e4che = 53 \u00d7 43 cm<\/li>\n<li>Durchmesser der S\u00e4ulen = 12 cm<\/li>\n<li>H\u00f6he = 60 cm<\/li>\n<\/ul>\n<\/div>\n","protected":false},"excerpt":{"rendered":"<p>mit Pl\u00fcsch-Bezug St\u00e4mme mit Pl\u00fcschkappen und Natursisal umwickelt gepolsterte Bodenplatte gepolsterte Liegeplatte mit abnehmbarem Kuschelbett Kuschelbett: Handw\u00e4sche mit Tau mit Spielzeug am Band Farbe: grau Grundfl\u00e4che = 53 \u00d7 43 cm Durchmesser der S\u00e4ulen = 12 cm H\u00f6he = 60 cm<\/p>\n","protected":false},"featured_media":21637,"comment_status":"closed","ping_status":"open","template":"","meta":[],"product_cat":[13704],"product_tag":[],"class_list":{"0":"post-47709","1":"product","2":"type-product","3":"status-publish","4":"has-post-thumbnail","6":"product_cat-kratzbaeume-moebel-bis-100-cmkatzenwelt","8":"first","9":"instock","10":"taxable","11":"shipping-taxable","12":"purchasable","13":"product-type-simple"},"_links":{"self":[{"href":"https:\/\/all-pets.de\/shop\/wp-json\/wp\/v2\/product\/47709","targetHints":{"allow":["GET"]}}],"collection":[{"href":"https:\/\/all-pets.de\/shop\/wp-json\/wp\/v2\/product"}],"about":[{"href":"https:\/\/all-pets.de\/shop\/wp-json\/wp\/v2\/types\/product"}],"replies":[{"embeddable":true,"href":"https:\/\/all-pets.de\/shop\/wp-json\/wp\/v2\/comments?post=47709"}],"wp:featuredmedia":[{"embeddable":true,"href":"https:\/\/all-pets.de\/shop\/wp-json\/wp\/v2\/media\/21637"}],"wp:attachment":[{"href":"https:\/\/all-pets.de\/shop\/wp-json\/wp\/v2\/media?parent=47709"}],"wp:term":[{"taxonomy":"product_cat","embeddable":true,"href":"https:\/\/all-pets.de\/shop\/wp-json\/wp\/v2\/product_cat?post=47709"},{"taxonomy":"product_tag","embeddable":true,"href":"https:\/\/all-pets.de\/shop\/wp-json\/wp\/v2\/product_tag?post=47709"}],"curies":[{"name":"wp","href":"https:\/\/api.w.org\/{rel}","templated":true}]}}