{"id":47710,"date":"2023-12-12T10:55:32","date_gmt":"2023-12-12T09:55:32","guid":{"rendered":"https:\/\/pet-shopping.de\/shop\/produkt\/karlie-flamingo-professional-massagebuerste\/"},"modified":"2023-12-12T10:55:33","modified_gmt":"2023-12-12T09:55:33","slug":"karlie-flamingo-professional-massagebuerste","status":"publish","type":"product","link":"https:\/\/all-pets.de\/shop\/produkt\/karlie-flamingo-professional-massagebuerste\/","title":{"rendered":"Karlie Flamingo Professional Massageb\u00fcrste"},"content":{"rendered":"<p>Die Karlie Flamingo Professional Massageb\u00fcrste besitzt Gumminoppen, diedem Fell ein strahlend gl\u00e4nzendes Aussehen verleihen. Die B\u00fcrste eignet sich zum schonenden Entfernen von losen Haaren und regt dabei die Durchblutung der Haut an. Mit Antistatik-Effekt.<\/p>\n<p>Durch den ergonomisch geformten Anti-Rutsch-Softgriff liegt sie dabei perfekt in der Hand.<\/p>\n<p>Ma\u00dfe: ca. 8 x 7 x 4 cm (LxBxH)<\/p>\n<p>Farbe: Lila-Schwarz<\/p>\n","protected":false},"excerpt":{"rendered":"<p>Die Karlie Flamingo Professional Massageb\u00fcrste besitzt Gumminoppen, diedem Fell ein strahlend gl\u00e4nzendes Aussehen verleihen. Die B\u00fcrste eignet sich zum schonenden Entfernen von losen Haaren und regt dabei die Durchblutung der Haut an. Mit Antistatik-Effekt. Durch den ergonomisch geformten Anti-Rutsch-Softgriff liegt sie dabei perfekt in der Hand. Ma\u00dfe: ca. 8 x 7 x 4 cm (LxBxH) [&hellip;]<\/p>\n","protected":false},"featured_media":5162,"comment_status":"closed","ping_status":"open","template":"","meta":[],"product_cat":[14110],"product_tag":[],"class_list":{"0":"post-47710","1":"product","2":"type-product","3":"status-publish","4":"has-post-thumbnail","6":"product_cat-katzenbuersten-striegel-fellpflege-pflege-gesundheit-katzenwelt","8":"first","9":"instock","10":"taxable","11":"shipping-taxable","12":"purchasable","13":"product-type-simple"},"_links":{"self":[{"href":"https:\/\/all-pets.de\/shop\/wp-json\/wp\/v2\/product\/47710","targetHints":{"allow":["GET"]}}],"collection":[{"href":"https:\/\/all-pets.de\/shop\/wp-json\/wp\/v2\/product"}],"about":[{"href":"https:\/\/all-pets.de\/shop\/wp-json\/wp\/v2\/types\/product"}],"replies":[{"embeddable":true,"href":"https:\/\/all-pets.de\/shop\/wp-json\/wp\/v2\/comments?post=47710"}],"wp:featuredmedia":[{"embeddable":true,"href":"https:\/\/all-pets.de\/shop\/wp-json\/wp\/v2\/media\/5162"}],"wp:attachment":[{"href":"https:\/\/all-pets.de\/shop\/wp-json\/wp\/v2\/media?parent=47710"}],"wp:term":[{"taxonomy":"product_cat","embeddable":true,"href":"https:\/\/all-pets.de\/shop\/wp-json\/wp\/v2\/product_cat?post=47710"},{"taxonomy":"product_tag","embeddable":true,"href":"https:\/\/all-pets.de\/shop\/wp-json\/wp\/v2\/product_tag?post=47710"}],"curies":[{"name":"wp","href":"https:\/\/api.w.org\/{rel}","templated":true}]}}