{"id":47711,"date":"2023-12-12T10:55:32","date_gmt":"2023-12-12T09:55:32","guid":{"rendered":"https:\/\/pet-shopping.de\/shop\/produkt\/trixie-reizangel\/"},"modified":"2023-12-12T10:55:33","modified_gmt":"2023-12-12T09:55:33","slug":"trixie-reizangel","status":"publish","type":"product","link":"https:\/\/all-pets.de\/shop\/produkt\/trixie-reizangel\/","title":{"rendered":"Trixie Reizangel"},"content":{"rendered":"<p>Die Dog Activity Reizangel ist ein tolles Jagd- und Hetzspielzeug f\u00fcr Ihren Hund.<\/p>\n<p>Sie besteht aus einer leichten ausziehbaren Teleskopstange mit Jute-Dummy (gen\u00e4ht) und ist mit einem weichem Schaumstoff-Griff ausgestattet. Das Spiel hilft Ihnen Ihren Hund geistig und k\u00f6rperlich auszulasten und den Jagdinstinkt des Hundes in der Erziehung sinnvoll zu nutzen.<\/p>\n<div class=\"itemDescriptions\">\n<ul>\n<li>Jagd-\/Hetz-Spielzeug<\/li>\n<li>leichte, ausziehbare Teleskopangel mit Jute-Dummy (gen\u00e4ht)<\/li>\n<li>mit weichem Schaumstoff-Griff<\/li>\n<li>zur geistigen und k\u00f6rperlichen Auslastung<\/li>\n<li>hilft den Jagdinstinkt des Hundes in der Erziehung sinnvoll zu nutzen<\/li>\n<\/ul>\n<\/div>\n<p>L\u00e4nge: ca. 2,30 m<br \/> Gr\u00f6\u00dfe des Dummys: ca. 20 cm\u00a0 <\/p>\n","protected":false},"excerpt":{"rendered":"<p>Die Dog Activity Reizangel ist ein tolles Jagd- und Hetzspielzeug f\u00fcr Ihren Hund. Sie besteht aus einer leichten ausziehbaren Teleskopstange mit Jute-Dummy (gen\u00e4ht) und ist mit einem weichem Schaumstoff-Griff ausgestattet. Das Spiel hilft Ihnen Ihren Hund geistig und k\u00f6rperlich auszulasten und den Jagdinstinkt des Hundes in der Erziehung sinnvoll zu nutzen. Jagd-\/Hetz-Spielzeug leichte, ausziehbare Teleskopangel [&hellip;]<\/p>\n","protected":false},"featured_media":32830,"comment_status":"closed","ping_status":"open","template":"","meta":[],"product_cat":[14787],"product_tag":[],"class_list":{"0":"post-47711","1":"product","2":"type-product","3":"status-publish","4":"has-post-thumbnail","6":"product_cat-weitere-spielzeuge-hundespielzeug-sport-agility-traininghundewelt-hundespielzeug-sport","8":"first","9":"instock","10":"taxable","11":"shipping-taxable","12":"purchasable","13":"product-type-simple"},"_links":{"self":[{"href":"https:\/\/all-pets.de\/shop\/wp-json\/wp\/v2\/product\/47711","targetHints":{"allow":["GET"]}}],"collection":[{"href":"https:\/\/all-pets.de\/shop\/wp-json\/wp\/v2\/product"}],"about":[{"href":"https:\/\/all-pets.de\/shop\/wp-json\/wp\/v2\/types\/product"}],"replies":[{"embeddable":true,"href":"https:\/\/all-pets.de\/shop\/wp-json\/wp\/v2\/comments?post=47711"}],"wp:featuredmedia":[{"embeddable":true,"href":"https:\/\/all-pets.de\/shop\/wp-json\/wp\/v2\/media\/32830"}],"wp:attachment":[{"href":"https:\/\/all-pets.de\/shop\/wp-json\/wp\/v2\/media?parent=47711"}],"wp:term":[{"taxonomy":"product_cat","embeddable":true,"href":"https:\/\/all-pets.de\/shop\/wp-json\/wp\/v2\/product_cat?post=47711"},{"taxonomy":"product_tag","embeddable":true,"href":"https:\/\/all-pets.de\/shop\/wp-json\/wp\/v2\/product_tag?post=47711"}],"curies":[{"name":"wp","href":"https:\/\/api.w.org\/{rel}","templated":true}]}}