{"id":47714,"date":"2023-12-12T10:55:32","date_gmt":"2023-12-12T09:55:32","guid":{"rendered":"https:\/\/pet-shopping.de\/shop\/produkt\/trixie-kuschelhoehle-mimi\/"},"modified":"2023-12-12T10:55:34","modified_gmt":"2023-12-12T09:55:34","slug":"trixie-kuschelhoehle-mimi","status":"publish","type":"product","link":"https:\/\/all-pets.de\/shop\/produkt\/trixie-kuschelhoehle-mimi\/","title":{"rendered":"Trixie Kuschelh\u00f6hle Mimi"},"content":{"rendered":"<ul>\n<li> Softpl\u00fcsch <\/li>\n<li> Polyester-Bezug <\/li>\n<li> Schaumstoff-F\u00fcllung <\/li>\n<li> Kissen mit Polyestervlies-F\u00fcllung, gesteppt <\/li>\n<li> mit Spielzeug am Band <\/li>\n<li> rutschfester Boden <\/li>\n<li>Reinigung per Handw\u00e4sche m\u00f6glich<\/li>\n<li>Ma\u00dfe: ca. 42 x 35 x 35 cm<\/li>\n<li>Farbe: grau<\/li>\n<\/ul>\n","protected":false},"excerpt":{"rendered":"<p>Softpl\u00fcsch Polyester-Bezug Schaumstoff-F\u00fcllung Kissen mit Polyestervlies-F\u00fcllung, gesteppt mit Spielzeug am Band rutschfester Boden Reinigung per Handw\u00e4sche m\u00f6glich Ma\u00dfe: ca. 42 x 35 x 35 cm Farbe: grau<\/p>\n","protected":false},"featured_media":33645,"comment_status":"closed","ping_status":"open","template":"","meta":[],"product_cat":[13705],"product_tag":[],"class_list":{"0":"post-47714","1":"product","2":"type-product","3":"status-publish","4":"has-post-thumbnail","6":"product_cat-haeuser-hoehlen","8":"first","9":"instock","10":"taxable","11":"shipping-taxable","12":"purchasable","13":"product-type-simple"},"_links":{"self":[{"href":"https:\/\/all-pets.de\/shop\/wp-json\/wp\/v2\/product\/47714","targetHints":{"allow":["GET"]}}],"collection":[{"href":"https:\/\/all-pets.de\/shop\/wp-json\/wp\/v2\/product"}],"about":[{"href":"https:\/\/all-pets.de\/shop\/wp-json\/wp\/v2\/types\/product"}],"replies":[{"embeddable":true,"href":"https:\/\/all-pets.de\/shop\/wp-json\/wp\/v2\/comments?post=47714"}],"wp:featuredmedia":[{"embeddable":true,"href":"https:\/\/all-pets.de\/shop\/wp-json\/wp\/v2\/media\/33645"}],"wp:attachment":[{"href":"https:\/\/all-pets.de\/shop\/wp-json\/wp\/v2\/media?parent=47714"}],"wp:term":[{"taxonomy":"product_cat","embeddable":true,"href":"https:\/\/all-pets.de\/shop\/wp-json\/wp\/v2\/product_cat?post=47714"},{"taxonomy":"product_tag","embeddable":true,"href":"https:\/\/all-pets.de\/shop\/wp-json\/wp\/v2\/product_tag?post=47714"}],"curies":[{"name":"wp","href":"https:\/\/api.w.org\/{rel}","templated":true}]}}