{"id":47716,"date":"2023-12-12T10:55:32","date_gmt":"2023-12-12T09:55:32","guid":{"rendered":"https:\/\/pet-shopping.de\/shop\/produkt\/k-nite-glowing-wood-stick\/"},"modified":"2023-12-12T10:55:34","modified_gmt":"2023-12-12T09:55:34","slug":"k-nite-glowing-wood-stick","status":"publish","type":"product","link":"https:\/\/all-pets.de\/shop\/produkt\/k-nite-glowing-wood-stick\/","title":{"rendered":"K-Nite Glowing Wood Stick"},"content":{"rendered":"<p>Mit diesem neongelben Hundespielzeug mit fluoreszierenden N\u00e4hten und Logo k\u00f6nnen Sie auch im Dunkeln noch mit Ihrem geliebten Tier spielen!<\/p>\n<p>L\u00e4nge: 34 cm<br \/> Breite: 15 cm<br \/> H\u00f6he: 6 cm<\/p>\n","protected":false},"excerpt":{"rendered":"<p>Mit diesem neongelben Hundespielzeug mit fluoreszierenden N\u00e4hten und Logo k\u00f6nnen Sie auch im Dunkeln noch mit Ihrem geliebten Tier spielen! L\u00e4nge: 34 cm Breite: 15 cm H\u00f6he: 6 cm<\/p>\n","protected":false},"featured_media":25447,"comment_status":"closed","ping_status":"open","template":"","meta":[],"product_cat":[14790],"product_tag":[],"class_list":{"0":"post-47716","1":"product","2":"type-product","3":"status-publish","4":"has-post-thumbnail","6":"product_cat-hundewurfspielzeug-hundespielzeug-sport-squeekerhundewelt-hundespielzeug-sport-leuchtspielzeughundewelt","8":"first","9":"instock","10":"taxable","11":"shipping-taxable","12":"purchasable","13":"product-type-simple"},"_links":{"self":[{"href":"https:\/\/all-pets.de\/shop\/wp-json\/wp\/v2\/product\/47716","targetHints":{"allow":["GET"]}}],"collection":[{"href":"https:\/\/all-pets.de\/shop\/wp-json\/wp\/v2\/product"}],"about":[{"href":"https:\/\/all-pets.de\/shop\/wp-json\/wp\/v2\/types\/product"}],"replies":[{"embeddable":true,"href":"https:\/\/all-pets.de\/shop\/wp-json\/wp\/v2\/comments?post=47716"}],"wp:featuredmedia":[{"embeddable":true,"href":"https:\/\/all-pets.de\/shop\/wp-json\/wp\/v2\/media\/25447"}],"wp:attachment":[{"href":"https:\/\/all-pets.de\/shop\/wp-json\/wp\/v2\/media?parent=47716"}],"wp:term":[{"taxonomy":"product_cat","embeddable":true,"href":"https:\/\/all-pets.de\/shop\/wp-json\/wp\/v2\/product_cat?post=47716"},{"taxonomy":"product_tag","embeddable":true,"href":"https:\/\/all-pets.de\/shop\/wp-json\/wp\/v2\/product_tag?post=47716"}],"curies":[{"name":"wp","href":"https:\/\/api.w.org\/{rel}","templated":true}]}}