{"id":47724,"date":"2023-12-12T10:55:35","date_gmt":"2023-12-12T09:55:35","guid":{"rendered":"https:\/\/pet-shopping.de\/shop\/produkt\/procyon-schnueffelwiese-gruen-weiss\/"},"modified":"2023-12-12T10:55:36","modified_gmt":"2023-12-12T09:55:36","slug":"procyon-schnueffelwiese-gruen-weiss","status":"publish","type":"product","link":"https:\/\/all-pets.de\/shop\/produkt\/procyon-schnueffelwiese-gruen-weiss\/","title":{"rendered":"PROCYON Schn\u00fcffelwiese &#8211; Gr\u00fcn-Wei\u00df"},"content":{"rendered":"<p>Mit dem neuen Leckerli-Suchspiel Schn\u00fcffelwiese kann sich Ihr Hund aktiv bet\u00e4tigen, bekommt seine Belohnung gleich serviert und hat dabei jede Menge Spa\u00df!<\/p>\n<p> Auf der ca. 40 x 40 cm gro\u00dfen Matte werden Leckerlis oder auch gleich ganze Trockenfutter-Mahlzeiten zwischen den&#8220;Grashalmen&#8220; aus Stoff versteckt, die der Hund sich mit Freude erschn\u00fcffeln wird. Die Schn\u00fcffelwiese ist mit einem Anti-Rutsch-Belag best\u00fcckt und ist waschmaschinenfest. <\/p>\n<p>Farbe: Gr\u00fcn-Wei\u00df<\/p>\n","protected":false},"excerpt":{"rendered":"<p>Mit dem neuen Leckerli-Suchspiel Schn\u00fcffelwiese kann sich Ihr Hund aktiv bet\u00e4tigen, bekommt seine Belohnung gleich serviert und hat dabei jede Menge Spa\u00df! Auf der ca. 40 x 40 cm gro\u00dfen Matte werden Leckerlis oder auch gleich ganze Trockenfutter-Mahlzeiten zwischen den&#8220;Grashalmen&#8220; aus Stoff versteckt, die der Hund sich mit Freude erschn\u00fcffeln wird. Die Schn\u00fcffelwiese ist mit [&hellip;]<\/p>\n","protected":false},"featured_media":35531,"comment_status":"closed","ping_status":"open","template":"","meta":[],"product_cat":[13793],"product_tag":[],"class_list":{"0":"post-47724","1":"product","2":"type-product","3":"status-publish","4":"has-post-thumbnail","6":"product_cat-intelligenz","8":"first","9":"instock","10":"taxable","11":"shipping-taxable","12":"purchasable","13":"product-type-simple"},"_links":{"self":[{"href":"https:\/\/all-pets.de\/shop\/wp-json\/wp\/v2\/product\/47724","targetHints":{"allow":["GET"]}}],"collection":[{"href":"https:\/\/all-pets.de\/shop\/wp-json\/wp\/v2\/product"}],"about":[{"href":"https:\/\/all-pets.de\/shop\/wp-json\/wp\/v2\/types\/product"}],"replies":[{"embeddable":true,"href":"https:\/\/all-pets.de\/shop\/wp-json\/wp\/v2\/comments?post=47724"}],"wp:featuredmedia":[{"embeddable":true,"href":"https:\/\/all-pets.de\/shop\/wp-json\/wp\/v2\/media\/35531"}],"wp:attachment":[{"href":"https:\/\/all-pets.de\/shop\/wp-json\/wp\/v2\/media?parent=47724"}],"wp:term":[{"taxonomy":"product_cat","embeddable":true,"href":"https:\/\/all-pets.de\/shop\/wp-json\/wp\/v2\/product_cat?post=47724"},{"taxonomy":"product_tag","embeddable":true,"href":"https:\/\/all-pets.de\/shop\/wp-json\/wp\/v2\/product_tag?post=47724"}],"curies":[{"name":"wp","href":"https:\/\/api.w.org\/{rel}","templated":true}]}}