{"id":47726,"date":"2023-12-12T10:55:35","date_gmt":"2023-12-12T09:55:35","guid":{"rendered":"https:\/\/pet-shopping.de\/shop\/produkt\/karlie-flamingo-katzentoilette-puppy-arist-o-tray-hawai\/"},"modified":"2023-12-12T10:55:36","modified_gmt":"2023-12-12T09:55:36","slug":"karlie-flamingo-katzentoilette-puppy-arist-o-tray-hawai","status":"publish","type":"product","link":"https:\/\/all-pets.de\/shop\/produkt\/karlie-flamingo-katzentoilette-puppy-arist-o-tray-hawai\/","title":{"rendered":"Karlie Flamingo Katzentoilette Puppy Arist-O-Tray Hawai"},"content":{"rendered":"<p>Die Katzentoilette Puppy Arist-O-Tray Hawai ist speziell f\u00fcr kleine, junge K\u00e4tzchen konzipiert. Sie ist nur 6 cm hoch, so dass auch die kleinsten problemlos einsteigen k\u00f6nnen. Zudem bringt diese Toilette mit ihren strahlenden Farben Hawai-Feeling zu Ihnen nach Hause.<\/p>\n<p>Eine Farbwahl ist leider nicht m\u00f6glich, da die Farbe je nach Lagerbestand gew\u00e4hlt wird.<\/p>\n<p> Gr\u00f6\u00dfe: 37 x 28 x 6 cm (LxBxH)<\/p>\n","protected":false},"excerpt":{"rendered":"<p>Die Katzentoilette Puppy Arist-O-Tray Hawai ist speziell f\u00fcr kleine, junge K\u00e4tzchen konzipiert. Sie ist nur 6 cm hoch, so dass auch die kleinsten problemlos einsteigen k\u00f6nnen. Zudem bringt diese Toilette mit ihren strahlenden Farben Hawai-Feeling zu Ihnen nach Hause. Eine Farbwahl ist leider nicht m\u00f6glich, da die Farbe je nach Lagerbestand gew\u00e4hlt wird. Gr\u00f6\u00dfe: 37 [&hellip;]<\/p>\n","protected":false},"featured_media":34887,"comment_status":"closed","ping_status":"open","template":"","meta":[],"product_cat":[14798],"product_tag":[],"class_list":{"0":"post-47726","1":"product","2":"type-product","3":"status-publish","4":"has-post-thumbnail","6":"product_cat-katzentoiletten-toiletten-katzenstreu-toiletten-katzenstreukatzenwelt","8":"first","9":"instock","10":"taxable","11":"shipping-taxable","12":"purchasable","13":"product-type-simple"},"_links":{"self":[{"href":"https:\/\/all-pets.de\/shop\/wp-json\/wp\/v2\/product\/47726","targetHints":{"allow":["GET"]}}],"collection":[{"href":"https:\/\/all-pets.de\/shop\/wp-json\/wp\/v2\/product"}],"about":[{"href":"https:\/\/all-pets.de\/shop\/wp-json\/wp\/v2\/types\/product"}],"replies":[{"embeddable":true,"href":"https:\/\/all-pets.de\/shop\/wp-json\/wp\/v2\/comments?post=47726"}],"wp:featuredmedia":[{"embeddable":true,"href":"https:\/\/all-pets.de\/shop\/wp-json\/wp\/v2\/media\/34887"}],"wp:attachment":[{"href":"https:\/\/all-pets.de\/shop\/wp-json\/wp\/v2\/media?parent=47726"}],"wp:term":[{"taxonomy":"product_cat","embeddable":true,"href":"https:\/\/all-pets.de\/shop\/wp-json\/wp\/v2\/product_cat?post=47726"},{"taxonomy":"product_tag","embeddable":true,"href":"https:\/\/all-pets.de\/shop\/wp-json\/wp\/v2\/product_tag?post=47726"}],"curies":[{"name":"wp","href":"https:\/\/api.w.org\/{rel}","templated":true}]}}