{"id":47732,"date":"2023-12-12T10:55:35","date_gmt":"2023-12-12T09:55:35","guid":{"rendered":"https:\/\/pet-shopping.de\/shop\/produkt\/feliway-classic-nachfuellflakon-48-ml\/"},"modified":"2023-12-12T10:55:37","modified_gmt":"2023-12-12T09:55:37","slug":"feliway-classic-nachfuellflakon-48-ml","status":"publish","type":"product","link":"https:\/\/all-pets.de\/shop\/produkt\/feliway-classic-nachfuellflakon-48-ml\/","title":{"rendered":"Feliway Classic Nachf\u00fcllflakon 48 ml"},"content":{"rendered":"<p>Nachf\u00fcllpackung f\u00fcr Ihren Feliway Zerst\u00e4uber.<\/p>\n<p> &#8211; Reduziert Anzeichen von Stress<br \/> &#8211; F\u00fcr Katzen jeden Alters<br \/> &#8211; Anzuwenden mit dem kugelf\u00f6rmigen FELIWAY Steckdosen-Verdampfer<br \/> &#8211; Der 48ml-Flakon reicht f\u00fcr ca. 30 Tage<br \/> &#8211; Geruchslos und sicher in der Anwendung<\/p>\n<p> Durch die Nachahmung des nat\u00fcrlichen Gesichtspheromons der Katze, schafft Feliway einen Zustand der Vertrautheit und Sicherheit im lokalen Umfeld der Katze.<br \/> Daher kann Feliway verwendet werden, um Katzen zu tr\u00f6sten und zu beruhigen, w\u00e4hrend sie eine schwierige Situation bew\u00e4ltigen m\u00fcssen, und \/oder um die Belastung zu verringern, die bei einer Ver\u00e4nderung im Umfeld einer Katze verursacht wird: z. B. beim Umzug, auf Reisen, bei der Unterbringung in einer Tierpension, beim Aufenthalt in der Tierklinik und bei der Einf\u00fchrung einer neuen Katze oder Person. <\/p>\n<p>Der Feliway Zerst\u00e4uber ist ein elektrischer Zerst\u00e4uber mit einem 48 ml Flakon, er reduziert erwiesenerma\u00dfen die Stresssymptome von Katzen und stellt die nat\u00fcrliche Ausgeglichenheit Ihrer Katze wieder her. Der elektronische Zerst\u00e4uber verteilt den Feliway-Duft wirksam in einem Raum von ungef\u00e4hr 50 &#8211; 70m\u00b2. Der Duft h\u00e4lt ungef\u00e4hr vier Wochen an.<\/p>\n<p> In klinischen Studien wurde gezeigt, dass Feliway die Urinmarkierung deutlich um 74 &#8211; 98% reduziert und, dass Stress bei station\u00e4ren Katzen <br \/> verringert wird, was zu einer erh\u00f6hten Nahrungsaufnahme und Pflegeverhalten f\u00fchrt &#8211; die allgemeinen Anzeichen f\u00fcr eine gesunde Katze.<\/p>\n<p> Es kann auch ein wirksames Mittel zur Kontrolle anderer unerw\u00fcnschter Verhaltensweisen der Katzen sein, wie z. B. Kratzen, Appetitlosigkeit <br \/> oder Weigerung zu spielen und interagieren.<br \/> Katzen reagieren auf die verschiedensten Situationen mit Anzeichen von Stress. Oft ist es f\u00fcr den Besitzer nur schwer nachvollziehbar, warum sich seine Katze so verh\u00e4lt.<br \/> Daher sind im folgenden einige beispielhafte Stresssituationen aufgef\u00fchrt:<\/p>\n<p> &#8211; nach Trennung von der Mutter<br \/> &#8211; als Neuank\u00f6mmling bei einem neuen Besitzer<br \/> &#8211; bei Umgebungswechsel (Umz\u00fcgen, Urlaub, Pensionen&#8230;)<br \/> &#8211; bei Transport<br \/> &#8211; bei Ver\u00e4nderungen der Einrichtung<br \/> &#8211; bei Besuchern oder Handwerkern<\/p>\n<p> Katzen zeigen sehr unterschiedliche Reaktionen auf Stress, die z.T. auch f\u00fcr den Besitzer sehr unangenehm sein k\u00f6nnen.<\/p>\n<p> Stressreaktionen k\u00f6nnen z.B. sein:<\/p>\n<p> &#8211; Harnmarkieren<br \/> &#8211; Kratzmarkieren<br \/> &#8211; stressbedingte verminderte Futteraufnahme<br \/> &#8211; stressbedingte verminderte Aktivit\u00e4t und Spielfreude<\/p>\n<p> Was sind Wohlf\u00fchlpheromone? <br \/> Wohlf\u00fchlpheromone sind Geruchsbotenstoffe, die von Katzen im unteren Gesichtbereich gebildet werden.<\/p>\n<p> Was bewirken Wohlf\u00fchlpheromone? <br \/> Katzen markieren den Bereich, in dem sie sich besonders wohl f\u00fchlen bzw. in dem sie fressen und schlafen durch ein charakteristisches Reiben des Kopfes an Gegenst\u00e4nden.<br \/> Dabei wird das Wohlf\u00fchlpheromon auf dem Gegenstand angebracht und damit dieses Zimmer als stressfreier Raum gekennzeichnet.<\/p>\n<p> Der Gebrauch eines Produktes, welches sich diesen Effekt nat\u00fcrlicher Pheromone zu Nutzen macht, vermindert Stress bei Katzen, da sie an diesen Stellen ein Wohlf\u00fchlsignal erhalten. <\/p>\n<p> Feliway ist auch als Spray erh\u00e4ltlich.<\/p>\n<p> Inhaltsstoffe:<br \/> synthetische Gesichtspheromon der Katze 2%, u.a. Paraffinl\u00f6sung<\/p>\n<p> Anwendungsgebiete :<br \/> FELlWAY besitzt viele Eigenschaften der Gesichtspheromone der Katze. Deshalb kann es angewendet werden, um<br \/> Harnmarkieren zu stoppen und zu verhindern<br \/> die Katze in einer unbekannten oder stressigen Umwelt zu beruhigen (neue Wohnung, Urlaub, Korb, K\u00e4fig, Auto etc.)<\/p>\n<p> Dieses sind beispielhafte Anwendungen.<\/p>\n<p> Gebrauchsanweisung<br \/> 1. Gegen Harnmarkieren und\/oder Kratzen:<br \/> In dem Raum, in dem das Markieren\/Kratzen stattgefunden hat, den FELlWAY@-ZERST\u00c4UBER verwenden<br \/> Hat die Katze in mehreren R\u00e4umen markiert (mit einer Fl\u00e4che von mehr als 70 m\u00b2), f\u00fcr jeden betroffenen Raum einen weiteren FELlWAY -ZERST\u00c4UBER einsetzen. 2. Gegen Appetitlosigkeit, Ersch\u00f6pfung, verminderte soziale Interaktion und geringeren Spieltrieb<br \/> In diesem Fall den FELlWAY -ZERST\u00c4UBER in dem Raum, der von der Katze am meisten genutzt wird, verwenden.<\/p>\n<p>Wirkungsspektrum: 50 bis 70 m\u00b2<br \/> Ein Flacon reicht f\u00fcr ca. 4 Wochen <\/p>\n","protected":false},"excerpt":{"rendered":"<p>Nachf\u00fcllpackung f\u00fcr Ihren Feliway Zerst\u00e4uber. &#8211; Reduziert Anzeichen von Stress &#8211; F\u00fcr Katzen jeden Alters &#8211; Anzuwenden mit dem kugelf\u00f6rmigen FELIWAY Steckdosen-Verdampfer &#8211; Der 48ml-Flakon reicht f\u00fcr ca. 30 Tage &#8211; Geruchslos und sicher in der Anwendung Durch die Nachahmung des nat\u00fcrlichen Gesichtspheromons der Katze, schafft Feliway einen Zustand der Vertrautheit und Sicherheit im lokalen [&hellip;]<\/p>\n","protected":false},"featured_media":47733,"comment_status":"closed","ping_status":"open","template":"","meta":[],"product_cat":[14336],"product_tag":[],"class_list":{"0":"post-47732","1":"product","2":"type-product","3":"status-publish","4":"has-post-thumbnail","6":"product_cat-feliway","8":"first","9":"instock","10":"taxable","11":"shipping-taxable","12":"purchasable","13":"product-type-simple"},"_links":{"self":[{"href":"https:\/\/all-pets.de\/shop\/wp-json\/wp\/v2\/product\/47732","targetHints":{"allow":["GET"]}}],"collection":[{"href":"https:\/\/all-pets.de\/shop\/wp-json\/wp\/v2\/product"}],"about":[{"href":"https:\/\/all-pets.de\/shop\/wp-json\/wp\/v2\/types\/product"}],"replies":[{"embeddable":true,"href":"https:\/\/all-pets.de\/shop\/wp-json\/wp\/v2\/comments?post=47732"}],"wp:featuredmedia":[{"embeddable":true,"href":"https:\/\/all-pets.de\/shop\/wp-json\/wp\/v2\/media\/47733"}],"wp:attachment":[{"href":"https:\/\/all-pets.de\/shop\/wp-json\/wp\/v2\/media?parent=47732"}],"wp:term":[{"taxonomy":"product_cat","embeddable":true,"href":"https:\/\/all-pets.de\/shop\/wp-json\/wp\/v2\/product_cat?post=47732"},{"taxonomy":"product_tag","embeddable":true,"href":"https:\/\/all-pets.de\/shop\/wp-json\/wp\/v2\/product_tag?post=47732"}],"curies":[{"name":"wp","href":"https:\/\/api.w.org\/{rel}","templated":true}]}}