{"id":47734,"date":"2023-12-12T10:55:35","date_gmt":"2023-12-12T09:55:35","guid":{"rendered":"https:\/\/pet-shopping.de\/shop\/produkt\/vogelspielzeug-fiesta-bird-kabob\/"},"modified":"2023-12-12T10:55:37","modified_gmt":"2023-12-12T09:55:37","slug":"vogelspielzeug-fiesta-bird-kabob","status":"publish","type":"product","link":"https:\/\/all-pets.de\/shop\/produkt\/vogelspielzeug-fiesta-bird-kabob\/","title":{"rendered":"Vogelspielzeug FIESTA BIRD KABOB"},"content":{"rendered":"<p>Der ideale Knabberspa\u00df f\u00fcr Sittiche, Nymphensittiche und Papageien.<\/p>\n<p>L\u00e4nge ca. 27 cm, Durchmesser ca. 6 cm<\/p>\n<p>Bei den verwendeten Farben handelt es sich um ungiftige Lebenmittelfarbe. <\/p>\n<p>Das Spielnest KOZY KEET sowie die BIRD KABOB Holzspielzeuge bestehen aus nat\u00fcrlichen Holz, das nur in Nord- und Mittelamerika w\u00e4chst. Es ist sehr weich, leicht und langfaserig und damit das ideale Material f\u00fcr Sittiche, Nymphensittiche und kleine Papageien, die gerne knabbern, zupfen und nagen. Die Tiere besch\u00e4ftigen sich stundenlang mit diesen Spielzeugen. F\u00fcr den Tierfreund ist es eine Freude, dem Tier dabei zuzusehen. Die Artikel sind bald von den Tieren zerlegt oder verbraucht. Es macht daher Sinn, nicht nur ein St\u00fcck zu bestellen.<\/p>\n<p>In den USA geh\u00f6ren diese nat\u00fcrlichen Holzspielzeuge zu den meistverkauften Artikeln f\u00fcr Sittiche und Nymphensittiche \u00fcberhaupt. <\/p>\n<p>Weitere Informationen unter: www.birdkabob.de <\/p>\n","protected":false},"excerpt":{"rendered":"<p>Der ideale Knabberspa\u00df f\u00fcr Sittiche, Nymphensittiche und Papageien. L\u00e4nge ca. 27 cm, Durchmesser ca. 6 cm Bei den verwendeten Farben handelt es sich um ungiftige Lebenmittelfarbe. Das Spielnest KOZY KEET sowie die BIRD KABOB Holzspielzeuge bestehen aus nat\u00fcrlichen Holz, das nur in Nord- und Mittelamerika w\u00e4chst. Es ist sehr weich, leicht und langfaserig und damit [&hellip;]<\/p>\n","protected":false},"featured_media":15982,"comment_status":"closed","ping_status":"open","template":"","meta":[],"product_cat":[13692],"product_tag":[],"class_list":{"0":"post-47734","1":"product","2":"type-product","3":"status-publish","4":"has-post-thumbnail","6":"product_cat-spielzeug","8":"first","9":"instock","10":"taxable","11":"shipping-taxable","12":"purchasable","13":"product-type-simple"},"_links":{"self":[{"href":"https:\/\/all-pets.de\/shop\/wp-json\/wp\/v2\/product\/47734","targetHints":{"allow":["GET"]}}],"collection":[{"href":"https:\/\/all-pets.de\/shop\/wp-json\/wp\/v2\/product"}],"about":[{"href":"https:\/\/all-pets.de\/shop\/wp-json\/wp\/v2\/types\/product"}],"replies":[{"embeddable":true,"href":"https:\/\/all-pets.de\/shop\/wp-json\/wp\/v2\/comments?post=47734"}],"wp:featuredmedia":[{"embeddable":true,"href":"https:\/\/all-pets.de\/shop\/wp-json\/wp\/v2\/media\/15982"}],"wp:attachment":[{"href":"https:\/\/all-pets.de\/shop\/wp-json\/wp\/v2\/media?parent=47734"}],"wp:term":[{"taxonomy":"product_cat","embeddable":true,"href":"https:\/\/all-pets.de\/shop\/wp-json\/wp\/v2\/product_cat?post=47734"},{"taxonomy":"product_tag","embeddable":true,"href":"https:\/\/all-pets.de\/shop\/wp-json\/wp\/v2\/product_tag?post=47734"}],"curies":[{"name":"wp","href":"https:\/\/api.w.org\/{rel}","templated":true}]}}