{"id":47736,"date":"2023-12-12T10:55:35","date_gmt":"2023-12-12T09:55:35","guid":{"rendered":"https:\/\/pet-shopping.de\/shop\/produkt\/fop-nistkasten-nido-n02\/"},"modified":"2023-12-12T10:55:37","modified_gmt":"2023-12-12T09:55:37","slug":"fop-nistkasten-nido-n02","status":"publish","type":"product","link":"https:\/\/all-pets.de\/shop\/produkt\/fop-nistkasten-nido-n02\/","title":{"rendered":"FOP Nistkasten Nido N02"},"content":{"rendered":"<p>Nistkasten f\u00fcr Wildv\u00f6gel f\u00fcr den Au\u00dfenbereich<\/p>\n<p>Die Produktlinie &#8222;Free Life&#8220; von FOP ist aus heimischem Birken- und Fichtenholz gefertigt und wurde speziell f\u00fcr die Nistbed\u00fcrfnisse von Wildv\u00f6geln konzipiert. Die verwendeten Farben sind selbstverst\u00e4ndlich ungiftig.<\/p>\n<p>Das Einflugloch l\u00e4\u00dft sich durch die Montage einer der mitgelieferten Adapterleisten auf das gew\u00fcnschte Ma\u00df von 28, 32 oder 38 mm ver\u00e4ndern, so dass es optimal f\u00fcr den gefiederten Bewohner pa\u00dft.<\/p>\n<p>In der Bodenplatte befinden sich Drainagebohrungen, so dass es im Inneren nicht zu Staun\u00e4sse kommen kann. L\u00fcftungsschlitze unter dem Dach sorgen f\u00fcr einen idealen Luftaustausch. <\/p>\n<p>Das Dach ist komplett herausnehmbar, was die Reinigung am Ende der Brutsaison erleichtert.<\/p>\n<p>Ma\u00dfe: ca. 22 x 18 x 17 cm (H)<\/p>\n","protected":false},"excerpt":{"rendered":"<p>Nistkasten f\u00fcr Wildv\u00f6gel f\u00fcr den Au\u00dfenbereich Die Produktlinie &#8222;Free Life&#8220; von FOP ist aus heimischem Birken- und Fichtenholz gefertigt und wurde speziell f\u00fcr die Nistbed\u00fcrfnisse von Wildv\u00f6geln konzipiert. Die verwendeten Farben sind selbstverst\u00e4ndlich ungiftig. Das Einflugloch l\u00e4\u00dft sich durch die Montage einer der mitgelieferten Adapterleisten auf das gew\u00fcnschte Ma\u00df von 28, 32 oder 38 mm [&hellip;]<\/p>\n","protected":false},"featured_media":22874,"comment_status":"closed","ping_status":"open","template":"","meta":[],"product_cat":[13813],"product_tag":[],"class_list":{"0":"post-47736","1":"product","2":"type-product","3":"status-publish","4":"has-post-thumbnail","6":"product_cat-futterhaeuser-nistkaesten","8":"first","9":"instock","10":"taxable","11":"shipping-taxable","12":"purchasable","13":"product-type-simple"},"_links":{"self":[{"href":"https:\/\/all-pets.de\/shop\/wp-json\/wp\/v2\/product\/47736","targetHints":{"allow":["GET"]}}],"collection":[{"href":"https:\/\/all-pets.de\/shop\/wp-json\/wp\/v2\/product"}],"about":[{"href":"https:\/\/all-pets.de\/shop\/wp-json\/wp\/v2\/types\/product"}],"replies":[{"embeddable":true,"href":"https:\/\/all-pets.de\/shop\/wp-json\/wp\/v2\/comments?post=47736"}],"wp:featuredmedia":[{"embeddable":true,"href":"https:\/\/all-pets.de\/shop\/wp-json\/wp\/v2\/media\/22874"}],"wp:attachment":[{"href":"https:\/\/all-pets.de\/shop\/wp-json\/wp\/v2\/media?parent=47736"}],"wp:term":[{"taxonomy":"product_cat","embeddable":true,"href":"https:\/\/all-pets.de\/shop\/wp-json\/wp\/v2\/product_cat?post=47736"},{"taxonomy":"product_tag","embeddable":true,"href":"https:\/\/all-pets.de\/shop\/wp-json\/wp\/v2\/product_tag?post=47736"}],"curies":[{"name":"wp","href":"https:\/\/api.w.org\/{rel}","templated":true}]}}