{"id":47738,"date":"2023-12-12T10:55:35","date_gmt":"2023-12-12T09:55:35","guid":{"rendered":"https:\/\/pet-shopping.de\/shop\/produkt\/bunny-my-little-sweetheart-loewenzahn-30g\/"},"modified":"2023-12-12T10:55:37","modified_gmt":"2023-12-12T09:55:37","slug":"bunny-my-little-sweetheart-loewenzahn-30g","status":"publish","type":"product","link":"https:\/\/all-pets.de\/shop\/produkt\/bunny-my-little-sweetheart-loewenzahn-30g\/","title":{"rendered":"Bunny My Little Sweetheart L\u00f6wenzahn 30g"},"content":{"rendered":"<div class=\"produktart\">\n<p>Erg\u00e4nzungsfuttermittel f\u00fcr Zwergkaninchen &#038; Nagetiere<\/p>\n<ul class=\"benefits\">\n<li class=\"benefit\">\n<div class=\"titel\">Enthalten das wertvolle Inulin (wie bei Keks mit BISS). Reguliert sinnvoll den Blutzuckerspiegel und bringt ihn auf ein gesundes Ma\u00df<\/div>\n<\/li>\n<li class=\"benefit\">\n<div class=\"titel\">Kleine Kekse in Herzform eignen sich aufgrund der Keksgr\u00f6\u00dfe besonders, um die Tiere direkt aus der Hand zu f\u00fcttern<\/div>\n<\/li>\n<li class=\"benefit\">\n<div class=\"titel\">Auff\u00e4lliges, ansprechendes Design der Verpackung mit hervorragender Sicht auf die Herzkekse<\/div>\n<\/li>\n<li class=\"benefit\">\n<div class=\"titel\">Frei von Zuckerzus\u00e4tzen, Konservierungs- &#038; Farbstoffen<\/div>\n<\/li>\n<li class=\"benefit\">\n<div class=\"titel\">Niedliche Herzform<\/div>\n<\/li>\n<\/ul>\n<div class=\"produktbeschreibung\">\n<p>Richtig herzig&#8230; dieser knuffige L\u00f6wenzahn-Keks und eine tolle Geschmacksexplosion f\u00fcr unsere kleinen Lieblinge noch dazu! <\/p>\n<p>Genau richtig f\u00fcr den kleinen Snack zwischendurch oder einfach ideal als Belohnung.<\/p>\n<p>Zusammensetzung:<br \/>Dinkel, Haferkleie, Reis, Obsttrester, L\u00f6wenzahn (5%), Hafersch\u00e4lkleie, Lignocellulose, Calciumcarbonat, Chicoreepulver (0,5% Inulin)<\/p>\n<p>F\u00fctterungsempfehlung:\u00a0\u00a0\u00a0 <br \/>4-6 Kekse pro Tag \u2013 je nach Gr\u00f6\u00dfe und Gewicht des Tieres<\/p>\n<p><\/p>\n<\/div>\n<\/div>\n","protected":false},"excerpt":{"rendered":"<p>Erg\u00e4nzungsfuttermittel f\u00fcr Zwergkaninchen &#038; Nagetiere Enthalten das wertvolle Inulin (wie bei Keks mit BISS). Reguliert sinnvoll den Blutzuckerspiegel und bringt ihn auf ein gesundes Ma\u00df Kleine Kekse in Herzform eignen sich aufgrund der Keksgr\u00f6\u00dfe besonders, um die Tiere direkt aus der Hand zu f\u00fcttern Auff\u00e4lliges, ansprechendes Design der Verpackung mit hervorragender Sicht auf die Herzkekse [&hellip;]<\/p>\n","protected":false},"featured_media":47739,"comment_status":"closed","ping_status":"open","template":"","meta":[],"product_cat":[14799],"product_tag":[],"class_list":{"0":"post-47738","1":"product","2":"type-product","3":"status-publish","4":"has-post-thumbnail","6":"product_cat-bunny","8":"first","9":"instock","10":"taxable","11":"shipping-taxable","12":"purchasable","13":"product-type-simple"},"_links":{"self":[{"href":"https:\/\/all-pets.de\/shop\/wp-json\/wp\/v2\/product\/47738","targetHints":{"allow":["GET"]}}],"collection":[{"href":"https:\/\/all-pets.de\/shop\/wp-json\/wp\/v2\/product"}],"about":[{"href":"https:\/\/all-pets.de\/shop\/wp-json\/wp\/v2\/types\/product"}],"replies":[{"embeddable":true,"href":"https:\/\/all-pets.de\/shop\/wp-json\/wp\/v2\/comments?post=47738"}],"wp:featuredmedia":[{"embeddable":true,"href":"https:\/\/all-pets.de\/shop\/wp-json\/wp\/v2\/media\/47739"}],"wp:attachment":[{"href":"https:\/\/all-pets.de\/shop\/wp-json\/wp\/v2\/media?parent=47738"}],"wp:term":[{"taxonomy":"product_cat","embeddable":true,"href":"https:\/\/all-pets.de\/shop\/wp-json\/wp\/v2\/product_cat?post=47738"},{"taxonomy":"product_tag","embeddable":true,"href":"https:\/\/all-pets.de\/shop\/wp-json\/wp\/v2\/product_tag?post=47738"}],"curies":[{"name":"wp","href":"https:\/\/api.w.org\/{rel}","templated":true}]}}