{"id":47740,"date":"2023-12-12T10:55:35","date_gmt":"2023-12-12T09:55:35","guid":{"rendered":"https:\/\/pet-shopping.de\/shop\/produkt\/bunny-my-little-sweetheart-anis-fenchel-30g\/"},"modified":"2023-12-12T10:55:37","modified_gmt":"2023-12-12T09:55:37","slug":"bunny-my-little-sweetheart-anis-fenchel-30g","status":"publish","type":"product","link":"https:\/\/all-pets.de\/shop\/produkt\/bunny-my-little-sweetheart-anis-fenchel-30g\/","title":{"rendered":"Bunny My little Sweetheart Anis-Fenchel 30g"},"content":{"rendered":"<div class=\"produktart\">\n<p>Erg\u00e4nzungsfuttermittel f\u00fcr Zwergkaninchen &#038; Nagetiere<\/p>\n<ul class=\"benefits\">\n<li class=\"benefit\">\n<div class=\"titel\">Enthalten das wertvolle Inulin (wie bei Keks mit BISS). Reguliert sinnvoll den Blutzuckerspiegel und bringt ihn auf ein gesundes Ma\u00df<\/div>\n<\/li>\n<li class=\"benefit\">\n<div class=\"titel\">Kleine Kekse in Herzform eignen sich aufgrund der Keksgr\u00f6\u00dfe besonders, um die Tiere direkt aus der Hand zu f\u00fcttern<\/div>\n<\/li>\n<li class=\"benefit\">\n<div class=\"titel\">Auff\u00e4lliges, ansprechendes Design der Verpackung mit hervorragender Sicht auf die Herzkekse<\/div>\n<\/li>\n<li class=\"benefit\">\n<div class=\"titel\">Frei von Zuckerzus\u00e4tzen, Konservierungs- &#038; Farbstoffen<\/div>\n<\/li>\n<li class=\"benefit\">\n<div class=\"titel\">Niedliche Herzform<\/div>\n<\/li>\n<\/ul>\n<div class=\"produktbeschreibung\">\n<p>Wenn das mal nicht eine fantastische Geschmackskombination ist: Anis &#038; Fenchel! Das ist ein Snack, der von allen sehr geliebt und sofort verputzt wird. <\/p>\n<p>Als Belohnung und Zwischendurch-Keks der Hit!<\/p>\n<p>Zusammensetzung:<br \/>Dinkel, Haferkleie, Reis, Obsttrester, Hafersch\u00e4lkleie, Lignocellulose, Anis (1,5%), Fenchel (1,5%), Calciumcarbonat, Chicoreepulver (0,5% Inulin)<\/p>\n<p>F\u00fctterungsempfehlung:<br \/>4-6 Kekse pro Tag \u2013 je nach Gr\u00f6\u00dfe und Gewicht des Tieres<\/p>\n<\/div>\n<\/div>\n","protected":false},"excerpt":{"rendered":"<p>Erg\u00e4nzungsfuttermittel f\u00fcr Zwergkaninchen &#038; Nagetiere Enthalten das wertvolle Inulin (wie bei Keks mit BISS). Reguliert sinnvoll den Blutzuckerspiegel und bringt ihn auf ein gesundes Ma\u00df Kleine Kekse in Herzform eignen sich aufgrund der Keksgr\u00f6\u00dfe besonders, um die Tiere direkt aus der Hand zu f\u00fcttern Auff\u00e4lliges, ansprechendes Design der Verpackung mit hervorragender Sicht auf die Herzkekse [&hellip;]<\/p>\n","protected":false},"featured_media":47741,"comment_status":"closed","ping_status":"open","template":"","meta":[],"product_cat":[14799],"product_tag":[],"class_list":{"0":"post-47740","1":"product","2":"type-product","3":"status-publish","4":"has-post-thumbnail","6":"product_cat-bunny","8":"first","9":"instock","10":"taxable","11":"shipping-taxable","12":"purchasable","13":"product-type-simple"},"_links":{"self":[{"href":"https:\/\/all-pets.de\/shop\/wp-json\/wp\/v2\/product\/47740","targetHints":{"allow":["GET"]}}],"collection":[{"href":"https:\/\/all-pets.de\/shop\/wp-json\/wp\/v2\/product"}],"about":[{"href":"https:\/\/all-pets.de\/shop\/wp-json\/wp\/v2\/types\/product"}],"replies":[{"embeddable":true,"href":"https:\/\/all-pets.de\/shop\/wp-json\/wp\/v2\/comments?post=47740"}],"wp:featuredmedia":[{"embeddable":true,"href":"https:\/\/all-pets.de\/shop\/wp-json\/wp\/v2\/media\/47741"}],"wp:attachment":[{"href":"https:\/\/all-pets.de\/shop\/wp-json\/wp\/v2\/media?parent=47740"}],"wp:term":[{"taxonomy":"product_cat","embeddable":true,"href":"https:\/\/all-pets.de\/shop\/wp-json\/wp\/v2\/product_cat?post=47740"},{"taxonomy":"product_tag","embeddable":true,"href":"https:\/\/all-pets.de\/shop\/wp-json\/wp\/v2\/product_tag?post=47740"}],"curies":[{"name":"wp","href":"https:\/\/api.w.org\/{rel}","templated":true}]}}