{"id":47742,"date":"2023-12-12T10:55:39","date_gmt":"2023-12-12T09:55:39","guid":{"rendered":"https:\/\/pet-shopping.de\/shop\/produkt\/marchioro-futterhaus-jok-2\/"},"modified":"2023-12-12T10:55:39","modified_gmt":"2023-12-12T09:55:39","slug":"marchioro-futterhaus-jok-2","status":"publish","type":"product","link":"https:\/\/all-pets.de\/shop\/produkt\/marchioro-futterhaus-jok-2\/","title":{"rendered":"Marchioro Futterhaus Jok 2"},"content":{"rendered":"<p>Formsch\u00f6nes Futterhaus aus stabilem, wetterfestem Kunststoff f\u00fcr Wild- und Volierenv\u00f6gel. Drei F\u00e4cher erlauben die F\u00fctterung mit unterschiedlichen Samen und N\u00fcssen. An den Giebelseiten befinden sich K\u00f6rbchen in denen man z. B. Obst anbieten kann. Im Sommer lassen sich die Unterteilungen entnehmen, so dass ein Vogelhaus entsteht, in dem man z. B. Gem\u00fcse oder Obst anbieten kann.<\/p>\n<p>Die Bef\u00fcllung erfolgt \u00fcber das aufklappbare Dach. Rundherum befinden sich Sitzstangen. Gefressen werden kann von beiden Seiten.<\/p>\n<p>Das Futterhaus besteht aus einem Bausatz dessen Teile einfach zusammengesteckt werden.<\/p>\n<p>Ma\u00dfe: ca. 34 x 26 x 23 cm <\/p>\n","protected":false},"excerpt":{"rendered":"<p>Formsch\u00f6nes Futterhaus aus stabilem, wetterfestem Kunststoff f\u00fcr Wild- und Volierenv\u00f6gel. Drei F\u00e4cher erlauben die F\u00fctterung mit unterschiedlichen Samen und N\u00fcssen. An den Giebelseiten befinden sich K\u00f6rbchen in denen man z. B. Obst anbieten kann. Im Sommer lassen sich die Unterteilungen entnehmen, so dass ein Vogelhaus entsteht, in dem man z. B. Gem\u00fcse oder Obst anbieten [&hellip;]<\/p>\n","protected":false},"featured_media":34884,"comment_status":"closed","ping_status":"open","template":"","meta":[],"product_cat":[13813],"product_tag":[],"class_list":{"0":"post-47742","1":"product","2":"type-product","3":"status-publish","4":"has-post-thumbnail","6":"product_cat-futterhaeuser-nistkaesten","8":"first","9":"instock","10":"taxable","11":"shipping-taxable","12":"purchasable","13":"product-type-simple"},"_links":{"self":[{"href":"https:\/\/all-pets.de\/shop\/wp-json\/wp\/v2\/product\/47742","targetHints":{"allow":["GET"]}}],"collection":[{"href":"https:\/\/all-pets.de\/shop\/wp-json\/wp\/v2\/product"}],"about":[{"href":"https:\/\/all-pets.de\/shop\/wp-json\/wp\/v2\/types\/product"}],"replies":[{"embeddable":true,"href":"https:\/\/all-pets.de\/shop\/wp-json\/wp\/v2\/comments?post=47742"}],"wp:featuredmedia":[{"embeddable":true,"href":"https:\/\/all-pets.de\/shop\/wp-json\/wp\/v2\/media\/34884"}],"wp:attachment":[{"href":"https:\/\/all-pets.de\/shop\/wp-json\/wp\/v2\/media?parent=47742"}],"wp:term":[{"taxonomy":"product_cat","embeddable":true,"href":"https:\/\/all-pets.de\/shop\/wp-json\/wp\/v2\/product_cat?post=47742"},{"taxonomy":"product_tag","embeddable":true,"href":"https:\/\/all-pets.de\/shop\/wp-json\/wp\/v2\/product_tag?post=47742"}],"curies":[{"name":"wp","href":"https:\/\/api.w.org\/{rel}","templated":true}]}}