{"id":47744,"date":"2023-12-12T10:55:39","date_gmt":"2023-12-12T09:55:39","guid":{"rendered":"https:\/\/pet-shopping.de\/shop\/produkt\/karlie-flamingo-vogelspielzeug-bambus\/"},"modified":"2023-12-12T10:55:39","modified_gmt":"2023-12-12T09:55:39","slug":"karlie-flamingo-vogelspielzeug-bambus","status":"publish","type":"product","link":"https:\/\/all-pets.de\/shop\/produkt\/karlie-flamingo-vogelspielzeug-bambus\/","title":{"rendered":"Karlie Flamingo Vogelspielzeug Bambus"},"content":{"rendered":"<p>Spielspa\u00df und lange Besch\u00e4ftigung verspricht dieses nat\u00fcrliche Vogelspielzeug, das unter anderem mit Bambus best\u00fcckt ist. <\/p>\n<p>Einfach z.B. im K\u00e4figgitter aufh\u00e4ngen und schon kann der Spa\u00df losgehen.<\/p>\n<p>Ma\u00dfe: ca. 6 x 15 x 38 cm (LxBxH) <\/p>\n","protected":false},"excerpt":{"rendered":"<p>Spielspa\u00df und lange Besch\u00e4ftigung verspricht dieses nat\u00fcrliche Vogelspielzeug, das unter anderem mit Bambus best\u00fcckt ist. Einfach z.B. im K\u00e4figgitter aufh\u00e4ngen und schon kann der Spa\u00df losgehen. Ma\u00dfe: ca. 6 x 15 x 38 cm (LxBxH)<\/p>\n","protected":false},"featured_media":34951,"comment_status":"closed","ping_status":"open","template":"","meta":[],"product_cat":[13692],"product_tag":[],"class_list":{"0":"post-47744","1":"product","2":"type-product","3":"status-publish","4":"has-post-thumbnail","6":"product_cat-spielzeug","8":"first","9":"instock","10":"taxable","11":"shipping-taxable","12":"purchasable","13":"product-type-simple"},"_links":{"self":[{"href":"https:\/\/all-pets.de\/shop\/wp-json\/wp\/v2\/product\/47744","targetHints":{"allow":["GET"]}}],"collection":[{"href":"https:\/\/all-pets.de\/shop\/wp-json\/wp\/v2\/product"}],"about":[{"href":"https:\/\/all-pets.de\/shop\/wp-json\/wp\/v2\/types\/product"}],"replies":[{"embeddable":true,"href":"https:\/\/all-pets.de\/shop\/wp-json\/wp\/v2\/comments?post=47744"}],"wp:featuredmedia":[{"embeddable":true,"href":"https:\/\/all-pets.de\/shop\/wp-json\/wp\/v2\/media\/34951"}],"wp:attachment":[{"href":"https:\/\/all-pets.de\/shop\/wp-json\/wp\/v2\/media?parent=47744"}],"wp:term":[{"taxonomy":"product_cat","embeddable":true,"href":"https:\/\/all-pets.de\/shop\/wp-json\/wp\/v2\/product_cat?post=47744"},{"taxonomy":"product_tag","embeddable":true,"href":"https:\/\/all-pets.de\/shop\/wp-json\/wp\/v2\/product_tag?post=47744"}],"curies":[{"name":"wp","href":"https:\/\/api.w.org\/{rel}","templated":true}]}}