{"id":47745,"date":"2023-12-12T10:55:39","date_gmt":"2023-12-12T09:55:39","guid":{"rendered":"https:\/\/pet-shopping.de\/shop\/produkt\/catit-senses-2-0-futterbaum\/"},"modified":"2023-12-12T10:55:40","modified_gmt":"2023-12-12T09:55:40","slug":"catit-senses-2-0-futterbaum","status":"publish","type":"product","link":"https:\/\/all-pets.de\/shop\/produkt\/catit-senses-2-0-futterbaum\/","title":{"rendered":"Catit Senses 2.0 Futterbaum"},"content":{"rendered":"<p>F\u00fcr mehr Stabilit\u00e4t wurde das bestehende Catit Senses Futterlabyrinth mit einer kleineren \u00d6ffnung in der Abdeckung und einem breiteren Standfu\u00df verbessert.<\/p>\n<p>Der Catit Senses 2.0 Futterbaum ist die F\u00fctterungsl\u00f6sung f\u00fcr Katzen, die gerne schnell fressen. Dieses clevere Spielzeug h\u00e4lt sie dazu an, langsamer zu fressen. Die Katzen m\u00fcssen sich das Futter mit der Pfote durch die verschiedenen \u00d6ffnungen auf spielerische Art und Weise erst \u201eerarbeiten\u201c.<\/p>\n<p>Heruntergefallene Pellets werden in der Schale am Boden aufgefangen. Das flache Design erm\u00f6glicht es der Katze, das Futter bequem genie\u00dfen zu k\u00f6nnen, ohne dass die sensiblen Schnurrhaare Stress ausgesetzt werden.<\/p>\n<p>An dem Catit Senses 2.0 Futterbaum kann durch Drehen der mittleren Scheibe die Gr\u00f6\u00dfe der \u00d6ffnungen verstellt und so verschiedene Schwierigkeitsgrade eingestellt werden. Zus\u00e4tzliche Abwechslung k\u00f6nnen Sie ins Spiel bringen, indem Sie die Menge der Leckerlis und den Aufstellungsort des Spielzeuges regelm\u00e4\u00dfig ver\u00e4ndern.<\/p>\n<p>Der Catit Futterbaum ist einfach auseinanderzubauen und zu reinigen. Wir empfehlen, jedes Teil mit der Hand und mit neutraler Seife \u2013 frei von Chemikalien oder Scheuermitteln \u2013 abzuwaschen und gr\u00fcndlich abzusp\u00fclen.<\/p>\n<p>Der Catit Senses 2.0 Futterbaum ist gro\u00dfartig einzeln oder in Kombination mit anderen Catit Senses 2.0 Produkten!<\/p>\n","protected":false},"excerpt":{"rendered":"<p>F\u00fcr mehr Stabilit\u00e4t wurde das bestehende Catit Senses Futterlabyrinth mit einer kleineren \u00d6ffnung in der Abdeckung und einem breiteren Standfu\u00df verbessert. Der Catit Senses 2.0 Futterbaum ist die F\u00fctterungsl\u00f6sung f\u00fcr Katzen, die gerne schnell fressen. Dieses clevere Spielzeug h\u00e4lt sie dazu an, langsamer zu fressen. Die Katzen m\u00fcssen sich das Futter mit der Pfote durch [&hellip;]<\/p>\n","protected":false},"featured_media":32657,"comment_status":"closed","ping_status":"open","template":"","meta":[],"product_cat":[14651],"product_tag":[],"class_list":{"0":"post-47745","1":"product","2":"type-product","3":"status-publish","4":"has-post-thumbnail","6":"product_cat-futter-wassernaepfe-katzennaepfe-traenken-intelligenz-spielzeugkatzenwelt-katzenspielzeug","8":"first","9":"instock","10":"taxable","11":"shipping-taxable","12":"purchasable","13":"product-type-simple"},"_links":{"self":[{"href":"https:\/\/all-pets.de\/shop\/wp-json\/wp\/v2\/product\/47745","targetHints":{"allow":["GET"]}}],"collection":[{"href":"https:\/\/all-pets.de\/shop\/wp-json\/wp\/v2\/product"}],"about":[{"href":"https:\/\/all-pets.de\/shop\/wp-json\/wp\/v2\/types\/product"}],"replies":[{"embeddable":true,"href":"https:\/\/all-pets.de\/shop\/wp-json\/wp\/v2\/comments?post=47745"}],"wp:featuredmedia":[{"embeddable":true,"href":"https:\/\/all-pets.de\/shop\/wp-json\/wp\/v2\/media\/32657"}],"wp:attachment":[{"href":"https:\/\/all-pets.de\/shop\/wp-json\/wp\/v2\/media?parent=47745"}],"wp:term":[{"taxonomy":"product_cat","embeddable":true,"href":"https:\/\/all-pets.de\/shop\/wp-json\/wp\/v2\/product_cat?post=47745"},{"taxonomy":"product_tag","embeddable":true,"href":"https:\/\/all-pets.de\/shop\/wp-json\/wp\/v2\/product_tag?post=47745"}],"curies":[{"name":"wp","href":"https:\/\/api.w.org\/{rel}","templated":true}]}}