{"id":47747,"date":"2023-12-12T10:55:39","date_gmt":"2023-12-12T09:55:39","guid":{"rendered":"https:\/\/pet-shopping.de\/shop\/produkt\/karlie-flamingo-katzenspielzeug-zoing-2er-set\/"},"modified":"2023-12-12T10:55:40","modified_gmt":"2023-12-12T09:55:40","slug":"karlie-flamingo-katzenspielzeug-zoing-2er-set","status":"publish","type":"product","link":"https:\/\/all-pets.de\/shop\/produkt\/karlie-flamingo-katzenspielzeug-zoing-2er-set\/","title":{"rendered":"Karlie Flamingo Katzenspielzeug Zoing &#8211; 2er Set"},"content":{"rendered":"<p>Bei dem lustigen Katzenspielzeug Zoing handelt es sich um ein flexibles R\u00f6hrenspielzeug aus farbenfrohem Meshgewebe. Das R\u00f6hrchen wird einfach zusammengedr\u00fcckt und schnellt dann beim Loslassen bis zu 5 Meter in die H\u00f6he. Ein toller Spielspa\u00df mit \u00dcberraschungseffekt!<\/p>\n<p>L\u00e4nge: ca. 12,7 cm<br \/> Inhalt: 2 St\u00fcck<\/p>\n","protected":false},"excerpt":{"rendered":"<p>Bei dem lustigen Katzenspielzeug Zoing handelt es sich um ein flexibles R\u00f6hrenspielzeug aus farbenfrohem Meshgewebe. Das R\u00f6hrchen wird einfach zusammengedr\u00fcckt und schnellt dann beim Loslassen bis zu 5 Meter in die H\u00f6he. Ein toller Spielspa\u00df mit \u00dcberraschungseffekt! L\u00e4nge: ca. 12,7 cm Inhalt: 2 St\u00fcck<\/p>\n","protected":false},"featured_media":31596,"comment_status":"closed","ping_status":"open","template":"","meta":[],"product_cat":[13772],"product_tag":[],"class_list":{"0":"post-47747","1":"product","2":"type-product","3":"status-publish","4":"has-post-thumbnail","6":"product_cat-weitere-spielzeuge-katzenspielzeug","8":"first","9":"instock","10":"taxable","11":"shipping-taxable","12":"purchasable","13":"product-type-simple"},"_links":{"self":[{"href":"https:\/\/all-pets.de\/shop\/wp-json\/wp\/v2\/product\/47747","targetHints":{"allow":["GET"]}}],"collection":[{"href":"https:\/\/all-pets.de\/shop\/wp-json\/wp\/v2\/product"}],"about":[{"href":"https:\/\/all-pets.de\/shop\/wp-json\/wp\/v2\/types\/product"}],"replies":[{"embeddable":true,"href":"https:\/\/all-pets.de\/shop\/wp-json\/wp\/v2\/comments?post=47747"}],"wp:featuredmedia":[{"embeddable":true,"href":"https:\/\/all-pets.de\/shop\/wp-json\/wp\/v2\/media\/31596"}],"wp:attachment":[{"href":"https:\/\/all-pets.de\/shop\/wp-json\/wp\/v2\/media?parent=47747"}],"wp:term":[{"taxonomy":"product_cat","embeddable":true,"href":"https:\/\/all-pets.de\/shop\/wp-json\/wp\/v2\/product_cat?post=47747"},{"taxonomy":"product_tag","embeddable":true,"href":"https:\/\/all-pets.de\/shop\/wp-json\/wp\/v2\/product_tag?post=47747"}],"curies":[{"name":"wp","href":"https:\/\/api.w.org\/{rel}","templated":true}]}}