{"id":47748,"date":"2023-12-12T10:55:39","date_gmt":"2023-12-12T09:55:39","guid":{"rendered":"https:\/\/pet-shopping.de\/shop\/produkt\/karlie-flamingo-vogelspielzeug-holz-mit-seil\/"},"modified":"2023-12-12T10:55:40","modified_gmt":"2023-12-12T09:55:40","slug":"karlie-flamingo-vogelspielzeug-holz-mit-seil","status":"publish","type":"product","link":"https:\/\/all-pets.de\/shop\/produkt\/karlie-flamingo-vogelspielzeug-holz-mit-seil\/","title":{"rendered":"Karlie Flamingo Vogelspielzeug Holz mit Seil"},"content":{"rendered":"<p>Papageien lieben Gegenst\u00e4nde aus Holz und Baumwolle und werden daher mit diesem Spielzeug jede Menge Spa\u00df und Besch\u00e4ftigung haben. Das Spielzeug wird per Haken im K\u00e4figgitter befestigt und schon kann der Spielspa\u00df losgehen.<\/p>\n<p>Ma\u00dfe: ca. 40 x 10 cm (LxB)<br \/> Farbe: bunt<\/p>\n","protected":false},"excerpt":{"rendered":"<p>Papageien lieben Gegenst\u00e4nde aus Holz und Baumwolle und werden daher mit diesem Spielzeug jede Menge Spa\u00df und Besch\u00e4ftigung haben. Das Spielzeug wird per Haken im K\u00e4figgitter befestigt und schon kann der Spielspa\u00df losgehen. Ma\u00dfe: ca. 40 x 10 cm (LxB) Farbe: bunt<\/p>\n","protected":false},"featured_media":5451,"comment_status":"closed","ping_status":"open","template":"","meta":[],"product_cat":[13692],"product_tag":[],"class_list":{"0":"post-47748","1":"product","2":"type-product","3":"status-publish","4":"has-post-thumbnail","6":"product_cat-spielzeug","8":"first","9":"instock","10":"taxable","11":"shipping-taxable","12":"purchasable","13":"product-type-simple"},"_links":{"self":[{"href":"https:\/\/all-pets.de\/shop\/wp-json\/wp\/v2\/product\/47748","targetHints":{"allow":["GET"]}}],"collection":[{"href":"https:\/\/all-pets.de\/shop\/wp-json\/wp\/v2\/product"}],"about":[{"href":"https:\/\/all-pets.de\/shop\/wp-json\/wp\/v2\/types\/product"}],"replies":[{"embeddable":true,"href":"https:\/\/all-pets.de\/shop\/wp-json\/wp\/v2\/comments?post=47748"}],"wp:featuredmedia":[{"embeddable":true,"href":"https:\/\/all-pets.de\/shop\/wp-json\/wp\/v2\/media\/5451"}],"wp:attachment":[{"href":"https:\/\/all-pets.de\/shop\/wp-json\/wp\/v2\/media?parent=47748"}],"wp:term":[{"taxonomy":"product_cat","embeddable":true,"href":"https:\/\/all-pets.de\/shop\/wp-json\/wp\/v2\/product_cat?post=47748"},{"taxonomy":"product_tag","embeddable":true,"href":"https:\/\/all-pets.de\/shop\/wp-json\/wp\/v2\/product_tag?post=47748"}],"curies":[{"name":"wp","href":"https:\/\/api.w.org\/{rel}","templated":true}]}}