{"id":47752,"date":"2023-12-12T10:55:39","date_gmt":"2023-12-12T09:55:39","guid":{"rendered":"https:\/\/pet-shopping.de\/shop\/produkt\/petsafe-deluxe-anti-bell-vogelhaus\/"},"modified":"2023-12-12T10:55:40","modified_gmt":"2023-12-12T09:55:40","slug":"petsafe-deluxe-anti-bell-vogelhaus","status":"publish","type":"product","link":"https:\/\/all-pets.de\/shop\/produkt\/petsafe-deluxe-anti-bell-vogelhaus\/","title":{"rendered":"Petsafe Deluxe Anti-Bell Vogelhaus"},"content":{"rendered":"<p>Getarnt als Vogelhaus treibt dieser Bellschutz ihrem Liebling das Bellen in unerw\u00fcnschten Situationen aus. \u00dcber ein Mikrofon nimmt das Ger\u00e4t die Hundelaute wahr und kann dann, mit Warnsignalen im Hochtonbereich, den Hund davon abhalten. \u00dcber die Zeitfunktion l\u00e4sst sich das Ganze sehr einfach steuern. Die kleine, handliche Form gew\u00e4hrleistet auch den mobilen Einsatz, z.B. im Camping Urlaub. <\/p>\n<p>Ma\u00dfe: ca. 15 x 15 x 24 cm (LxBxH)<\/p>\n","protected":false},"excerpt":{"rendered":"<p>Getarnt als Vogelhaus treibt dieser Bellschutz ihrem Liebling das Bellen in unerw\u00fcnschten Situationen aus. \u00dcber ein Mikrofon nimmt das Ger\u00e4t die Hundelaute wahr und kann dann, mit Warnsignalen im Hochtonbereich, den Hund davon abhalten. \u00dcber die Zeitfunktion l\u00e4sst sich das Ganze sehr einfach steuern. Die kleine, handliche Form gew\u00e4hrleistet auch den mobilen Einsatz, z.B. im [&hellip;]<\/p>\n","protected":false},"featured_media":18906,"comment_status":"closed","ping_status":"open","template":"","meta":[],"product_cat":[14805],"product_tag":[],"class_list":{"0":"post-47752","1":"product","2":"type-product","3":"status-publish","4":"has-post-thumbnail","6":"product_cat-training-erziehung-trainings-zubehoerhundewelt-erziehung-erziehunghundewelt-nuetzliche-helferhundewelt-haus-hof-hundewelt","8":"first","9":"instock","10":"taxable","11":"shipping-taxable","12":"purchasable","13":"product-type-simple"},"_links":{"self":[{"href":"https:\/\/all-pets.de\/shop\/wp-json\/wp\/v2\/product\/47752","targetHints":{"allow":["GET"]}}],"collection":[{"href":"https:\/\/all-pets.de\/shop\/wp-json\/wp\/v2\/product"}],"about":[{"href":"https:\/\/all-pets.de\/shop\/wp-json\/wp\/v2\/types\/product"}],"replies":[{"embeddable":true,"href":"https:\/\/all-pets.de\/shop\/wp-json\/wp\/v2\/comments?post=47752"}],"wp:featuredmedia":[{"embeddable":true,"href":"https:\/\/all-pets.de\/shop\/wp-json\/wp\/v2\/media\/18906"}],"wp:attachment":[{"href":"https:\/\/all-pets.de\/shop\/wp-json\/wp\/v2\/media?parent=47752"}],"wp:term":[{"taxonomy":"product_cat","embeddable":true,"href":"https:\/\/all-pets.de\/shop\/wp-json\/wp\/v2\/product_cat?post=47752"},{"taxonomy":"product_tag","embeddable":true,"href":"https:\/\/all-pets.de\/shop\/wp-json\/wp\/v2\/product_tag?post=47752"}],"curies":[{"name":"wp","href":"https:\/\/api.w.org\/{rel}","templated":true}]}}