{"id":47755,"date":"2023-12-12T10:55:39","date_gmt":"2023-12-12T09:55:39","guid":{"rendered":"https:\/\/pet-shopping.de\/shop\/produkt\/karlie-brain-train-bird-board\/"},"modified":"2023-12-12T10:55:41","modified_gmt":"2023-12-12T09:55:41","slug":"karlie-brain-train-bird-board","status":"publish","type":"product","link":"https:\/\/all-pets.de\/shop\/produkt\/karlie-brain-train-bird-board\/","title":{"rendered":"Karlie Brain Train Bird Board"},"content":{"rendered":"<p>Vertiefen Sie die Beziehung zu Ihrem Tier!<\/p>\n<p>Dieses Intelligenzspielzeug f\u00fcr Fortgeschrittene ist aus Holz hergestellt. In den R\u00f6hren k\u00f6nnen kleine Leckereien versteckt oder an den St\u00e4ben aufgespie\u00dft werden. Ihr Vogel wird dann versuchen, diese zu ergattern.<\/p>\n<p>Dieses Karlie Flamingo Produkt wurde in Zusammenarbeit mit Diana Eichhorn und der Fernseh-Show HundKatzeMaus entwickelt.<\/p>\n<p>Ma\u00dfe: ca. 20 x 20 x 20 cm (BxTxH)<\/p>\n","protected":false},"excerpt":{"rendered":"<p>Vertiefen Sie die Beziehung zu Ihrem Tier! Dieses Intelligenzspielzeug f\u00fcr Fortgeschrittene ist aus Holz hergestellt. In den R\u00f6hren k\u00f6nnen kleine Leckereien versteckt oder an den St\u00e4ben aufgespie\u00dft werden. Ihr Vogel wird dann versuchen, diese zu ergattern. Dieses Karlie Flamingo Produkt wurde in Zusammenarbeit mit Diana Eichhorn und der Fernseh-Show HundKatzeMaus entwickelt. Ma\u00dfe: ca. 20 x [&hellip;]<\/p>\n","protected":false},"featured_media":25527,"comment_status":"closed","ping_status":"open","template":"","meta":[],"product_cat":[13692],"product_tag":[],"class_list":{"0":"post-47755","1":"product","2":"type-product","3":"status-publish","4":"has-post-thumbnail","6":"product_cat-spielzeug","8":"first","9":"instock","10":"taxable","11":"shipping-taxable","12":"purchasable","13":"product-type-simple"},"_links":{"self":[{"href":"https:\/\/all-pets.de\/shop\/wp-json\/wp\/v2\/product\/47755","targetHints":{"allow":["GET"]}}],"collection":[{"href":"https:\/\/all-pets.de\/shop\/wp-json\/wp\/v2\/product"}],"about":[{"href":"https:\/\/all-pets.de\/shop\/wp-json\/wp\/v2\/types\/product"}],"replies":[{"embeddable":true,"href":"https:\/\/all-pets.de\/shop\/wp-json\/wp\/v2\/comments?post=47755"}],"wp:featuredmedia":[{"embeddable":true,"href":"https:\/\/all-pets.de\/shop\/wp-json\/wp\/v2\/media\/25527"}],"wp:attachment":[{"href":"https:\/\/all-pets.de\/shop\/wp-json\/wp\/v2\/media?parent=47755"}],"wp:term":[{"taxonomy":"product_cat","embeddable":true,"href":"https:\/\/all-pets.de\/shop\/wp-json\/wp\/v2\/product_cat?post=47755"},{"taxonomy":"product_tag","embeddable":true,"href":"https:\/\/all-pets.de\/shop\/wp-json\/wp\/v2\/product_tag?post=47755"}],"curies":[{"name":"wp","href":"https:\/\/api.w.org\/{rel}","templated":true}]}}