{"id":47756,"date":"2023-12-12T10:55:39","date_gmt":"2023-12-12T09:55:39","guid":{"rendered":"https:\/\/pet-shopping.de\/shop\/produkt\/karlie-flamingo-led-pointer\/"},"modified":"2023-12-12T10:55:41","modified_gmt":"2023-12-12T09:55:41","slug":"karlie-flamingo-led-pointer","status":"publish","type":"product","link":"https:\/\/all-pets.de\/shop\/produkt\/karlie-flamingo-led-pointer\/","title":{"rendered":"Karlie Flamingo LED Pointer"},"content":{"rendered":"<p>F\u00fcr Stunden des Vergn\u00fcgens und des Trainings.<\/p>\n<p>Der kleine LED Pointer zaubert ein niedliches M\u00e4usemotiv auf Ihre W\u00e4nde und andere Oberfl\u00e4chen und weckt so den Jagdinstinkt Ihrer Samtpfote.<\/p>\n<p>Die Sichtbarkeit betr\u00e4gt ca. 1 bis 3 m. Die mitgelieferte Schutzabdeckung verhindert die ungewollte Verwendung. Die Batterien sind austauschbar (3 x LR 927).<\/p>\n","protected":false},"excerpt":{"rendered":"<p>F\u00fcr Stunden des Vergn\u00fcgens und des Trainings. Der kleine LED Pointer zaubert ein niedliches M\u00e4usemotiv auf Ihre W\u00e4nde und andere Oberfl\u00e4chen und weckt so den Jagdinstinkt Ihrer Samtpfote. Die Sichtbarkeit betr\u00e4gt ca. 1 bis 3 m. Die mitgelieferte Schutzabdeckung verhindert die ungewollte Verwendung. Die Batterien sind austauschbar (3 x LR 927).<\/p>\n","protected":false},"featured_media":21968,"comment_status":"closed","ping_status":"open","template":"","meta":[],"product_cat":[13772],"product_tag":[],"class_list":{"0":"post-47756","1":"product","2":"type-product","3":"status-publish","4":"has-post-thumbnail","6":"product_cat-weitere-spielzeuge-katzenspielzeug","8":"first","9":"instock","10":"taxable","11":"shipping-taxable","12":"purchasable","13":"product-type-simple"},"_links":{"self":[{"href":"https:\/\/all-pets.de\/shop\/wp-json\/wp\/v2\/product\/47756","targetHints":{"allow":["GET"]}}],"collection":[{"href":"https:\/\/all-pets.de\/shop\/wp-json\/wp\/v2\/product"}],"about":[{"href":"https:\/\/all-pets.de\/shop\/wp-json\/wp\/v2\/types\/product"}],"replies":[{"embeddable":true,"href":"https:\/\/all-pets.de\/shop\/wp-json\/wp\/v2\/comments?post=47756"}],"wp:featuredmedia":[{"embeddable":true,"href":"https:\/\/all-pets.de\/shop\/wp-json\/wp\/v2\/media\/21968"}],"wp:attachment":[{"href":"https:\/\/all-pets.de\/shop\/wp-json\/wp\/v2\/media?parent=47756"}],"wp:term":[{"taxonomy":"product_cat","embeddable":true,"href":"https:\/\/all-pets.de\/shop\/wp-json\/wp\/v2\/product_cat?post=47756"},{"taxonomy":"product_tag","embeddable":true,"href":"https:\/\/all-pets.de\/shop\/wp-json\/wp\/v2\/product_tag?post=47756"}],"curies":[{"name":"wp","href":"https:\/\/api.w.org\/{rel}","templated":true}]}}