{"id":47761,"date":"2023-12-12T10:55:39","date_gmt":"2023-12-12T09:55:39","guid":{"rendered":"https:\/\/pet-shopping.de\/shop\/produkt\/natuerlich-pfiffikus-insektenfettknoedel-18er-box\/"},"modified":"2023-12-12T10:55:41","modified_gmt":"2023-12-12T09:55:41","slug":"natuerlich-pfiffikus-insektenfettknoedel-18er-box","status":"publish","type":"product","link":"https:\/\/all-pets.de\/shop\/produkt\/natuerlich-pfiffikus-insektenfettknoedel-18er-box\/","title":{"rendered":"Nat\u00fcrlich Pfiffikus Insektenfettkn\u00f6del 18er Box"},"content":{"rendered":"<p>Haben Sie schon einmal gesehen, dass ein Vogel in ein St\u00fcck Rindfleisch bei\u00dft? Nein? Wir auch nicht. Und genau deshalb haben wir die Vogelkn\u00f6del aus Insektenfett entwickelt. Unter der Marke \u201eNat\u00fcrlich Pfiffikus\u201c wird das nat\u00fcrliche Vogelfutter vertrieben.<\/p>\n<p> Die <b>Vogelkn\u00f6del aus Insektenfett<\/b> sind nachhaltig und umweltschonend. Die Aufzucht der Insekten im Vergleich zur Aufzucht von Rindern \u2013 gew\u00f6hnliche Meisenkn\u00f6del werden aus Rindertalg hergestellt \u2013 spart CO2 und schont die Umwelt.<\/p>\n<p> Am besten k\u00f6nnen diese Vogelkn\u00f6del, die lose verpackt und ohne Netz in der Verpackung zu Ihnen nach Hause kommen, in einer Spenderbox oder in einem Spenderring verf\u00fcttert werden. Sie werden sehen, den Wildv\u00f6geln schmeckt das nat\u00fcrliche Futter.<\/p>\n<p>Inhaltsstoffe:<\/p>\n<div role=\"tabpanel\" class=\"tab-pane active\" id=\"prod_short_desc\">\n<div itemprop=\"description\">Getreide, \u00d6le und Fette, Saaten, N\u00fcsse, Beeren, Mineralstoffe<\/div>\n<div itemprop=\"description\"><\/div>\n<div itemprop=\"description\">Box mit 18 St\u00fcck <\/div>\n<\/div>\n","protected":false},"excerpt":{"rendered":"<p>Haben Sie schon einmal gesehen, dass ein Vogel in ein St\u00fcck Rindfleisch bei\u00dft? Nein? Wir auch nicht. Und genau deshalb haben wir die Vogelkn\u00f6del aus Insektenfett entwickelt. Unter der Marke \u201eNat\u00fcrlich Pfiffikus\u201c wird das nat\u00fcrliche Vogelfutter vertrieben. Die Vogelkn\u00f6del aus Insektenfett sind nachhaltig und umweltschonend. Die Aufzucht der Insekten im Vergleich zur Aufzucht von Rindern [&hellip;]<\/p>\n","protected":false},"featured_media":47762,"comment_status":"closed","ping_status":"open","template":"","meta":[],"product_cat":[14809],"product_tag":[],"class_list":{"0":"post-47761","1":"product","2":"type-product","3":"status-publish","4":"has-post-thumbnail","6":"product_cat-natuerlich-pfiffikus-gartenvogelfutter-knoedelvogelwelt-gartenvogelfutter","8":"first","9":"instock","10":"taxable","11":"shipping-taxable","12":"purchasable","13":"product-type-simple"},"_links":{"self":[{"href":"https:\/\/all-pets.de\/shop\/wp-json\/wp\/v2\/product\/47761","targetHints":{"allow":["GET"]}}],"collection":[{"href":"https:\/\/all-pets.de\/shop\/wp-json\/wp\/v2\/product"}],"about":[{"href":"https:\/\/all-pets.de\/shop\/wp-json\/wp\/v2\/types\/product"}],"replies":[{"embeddable":true,"href":"https:\/\/all-pets.de\/shop\/wp-json\/wp\/v2\/comments?post=47761"}],"wp:featuredmedia":[{"embeddable":true,"href":"https:\/\/all-pets.de\/shop\/wp-json\/wp\/v2\/media\/47762"}],"wp:attachment":[{"href":"https:\/\/all-pets.de\/shop\/wp-json\/wp\/v2\/media?parent=47761"}],"wp:term":[{"taxonomy":"product_cat","embeddable":true,"href":"https:\/\/all-pets.de\/shop\/wp-json\/wp\/v2\/product_cat?post=47761"},{"taxonomy":"product_tag","embeddable":true,"href":"https:\/\/all-pets.de\/shop\/wp-json\/wp\/v2\/product_tag?post=47761"}],"curies":[{"name":"wp","href":"https:\/\/api.w.org\/{rel}","templated":true}]}}